{"id":232476,"date":"2023-02-10T16:29:32","date_gmt":"2023-02-10T15:29:32","guid":{"rendered":"https:\/\/schneiter-storen.ch\/erstatzteile\/?post_type=product&#038;p=232476"},"modified":"2023-03-24T13:45:28","modified_gmt":"2023-03-24T12:45:28","slug":"sonnen-windsensor-soliris-io-1w-kabel-5-m-schwarz","status":"publish","type":"product","link":"https:\/\/schneiter-storen.ch\/ersatzteile\/produkt\/sonnen-windsensor-soliris-io-1w-kabel-5-m-schwarz\/","title":{"rendered":"Sonnen \/ Windsensor Soliris io 1W (Kabel 5 m schwarz)"},"content":{"rendered":"<div class=\"tab\">\n<h3 class=\"tab-title open\">Details<\/h3>\n<div class=\"tab-content\">\n<ul>\n<li><span class=\"attribute-text\">230 V betriebener, kombinierter Wind- und Sonnensensor mit io-Funktechnologie. Je nach Wetterlage werden Markisen und Raffstoren automatisch ein- bzw. ausgefahren. Die integrierte Regenautomatik kann in Verbindung mit dem Regensensor Ondeis (nicht im Lieferumfang enthalten) das Produkt vor N\u00e4sse oder den Nutzer und das Mobiliar vor Regen sch\u00fctzen. Bitte beachten: Der Sensor ist nicht TaHoma-kompatibel.<\/span><\/li>\n<\/ul>\n<\/div>\n<\/div>\n<div class=\"tab\">\n<h3 class=\"tab-title open\">Eigenschaften<\/h3>\n<div class=\"tab-content\">\n<ul>\n<li><strong class=\"attribute-label\">Application:<\/strong>\u00a0<span class=\"attribute-text\">Markise, Pergola, Raffstore, Senkrechtmarkise, Wintergarten<\/span><\/li>\n<li><strong class=\"attribute-label\">Funkfrequenz:<\/strong>\u00a0<span class=\"attribute-text\">868 Tri-Band MHz<\/span><\/li>\n<li><strong class=\"attribute-label\">Reichweite freies Feld:<\/strong>\u00a0<span class=\"attribute-text\">200 m<\/span><\/li>\n<li><strong class=\"attribute-label\">Schutzklasse:<\/strong>\u00a0<span class=\"attribute-text\">II<\/span><\/li>\n<li><strong class=\"attribute-label\">IP Schutzart:<\/strong>\u00a0<span class=\"attribute-text\">IP 34<\/span><\/li>\n<li><strong class=\"attribute-label\">Farbe:<\/strong>\u00a0<span class=\"attribute-text\">Grau<\/span><\/li>\n<li><strong class=\"attribute-label\">Kompatibilit\u00e4t Technologie:<\/strong>\u00a0<span class=\"attribute-text\">IO<\/span><\/li>\n<li><strong class=\"attribute-label\">Produktlinie:<\/strong>\u00a0<span class=\"attribute-text\">INTEO<\/span><\/li>\n<li><strong class=\"attribute-label\">Vorteile:<\/strong>\n<ul>\n<li>Schnelle Installation: kombinierter Wind- und Sonnensensor<\/li>\n<li>Wind- und Sonnenlichtschwellenwerte durch Potentiometer einfach einstellbar<\/li>\n<li>Sonnenautomatik: Sch\u00fctzt Innenr\u00e4ume vor \u00dcberhitzung und l\u00e4sst bei wenig Sonneneinstrahlung die Aussenhelligkeit in den Wohnbereich<\/li>\n<li>Windautomatik: Sch\u00fctzt Markisen und Raffstoren vor Windsch\u00e4den<\/li>\n<li>Optionale Regenautomatik verl\u00e4ngert die Lebensdauer von Markise &amp; Co.<\/li>\n<li>Zwei Betriebsarten: Sicherheit f\u00fcr das Produkt durch Einfahren bei Regen oder Komfort f\u00fcr den Nutzer durch Ausfahren bei Regen<\/li>\n<li>Keine Batterien ben\u00f6tigt<\/li>\n<\/ul>\n<\/li>\n<li><strong class=\"attribute-label\">Typ:<\/strong>\u00a0<span class=\"attribute-text\">Sensoren<\/span><\/li>\n<\/ul>\n<\/div>\n<\/div>\n<div class=\"tab\">\n<h3 class=\"tab-title open\">Ma\u00dfe<\/h3>\n<div class=\"tab-content\">\n<ul>\n<li><strong class=\"attribute-label\">Breite ausgepackt:<\/strong>\u00a0<span class=\"attribute-text\">78 mm<\/span><\/li>\n<li><strong class=\"attribute-label\">H\u00f6he ausgepackt:<\/strong>\u00a0<span class=\"attribute-text\">160 mm<\/span><\/li>\n<li><strong class=\"attribute-label\">L\u00e4nge ausgepackt:<\/strong>\u00a0<span class=\"attribute-text\">325 mm<\/span><\/li>\n<\/ul>\n<\/div>\n<\/div>\n","protected":false},"excerpt":{"rendered":"<p>Details 230 V betriebener, kombinierter Wind- und Sonnensensor mit io-Funktechnologie. Je nach Wetterlage werden Markisen und Raffstoren automatisch ein- bzw. ausgefahren. Die integrierte Regenautomatik kann in Verbindung mit dem Regensensor Ondeis (nicht im Lieferumfang enthalten) das Produkt vor N\u00e4sse oder den Nutzer und das Mobiliar vor Regen sch\u00fctzen. Bitte beachten: Der Sensor ist nicht TaHoma-kompatibel. [&hellip;]<\/p>\n","protected":false},"featured_media":232477,"comment_status":"closed","ping_status":"closed","template":"","meta":{"_et_pb_use_builder":"","_et_pb_old_content":"","_et_gb_content_width":""},"product_brand":[],"product_cat":[72],"product_tag":[],"class_list":{"0":"post-232476","1":"product","2":"type-product","3":"status-publish","4":"has-post-thumbnail","6":"product_cat-io-system","7":"product_shipping_class-lieferung-innerhalb-von-4-tagen","9":"first","10":"instock","11":"taxable","12":"shipping-taxable","13":"purchasable","14":"product-type-simple"},"yoast_head":"<!-- This site is optimized with the Yoast SEO plugin v26.7 - https:\/\/yoast.com\/wordpress\/plugins\/seo\/ -->\n<title>Sonnen \/ Windsensor Soliris io 1W (Kabel 5 m schwarz) - Schneiter Storen AG Ersatzteilshop<\/title>\n<meta name=\"robots\" content=\"index, follow, max-snippet:-1, max-image-preview:large, max-video-preview:-1\" \/>\n<link rel=\"canonical\" href=\"https:\/\/schneiter-storen.ch\/ersatzteile\/produkt\/sonnen-windsensor-soliris-io-1w-kabel-5-m-schwarz\/\" \/>\n<meta property=\"og:locale\" content=\"de_DE\" \/>\n<meta property=\"og:type\" content=\"article\" \/>\n<meta property=\"og:title\" content=\"Sonnen \/ Windsensor Soliris io 1W (Kabel 5 m schwarz) - Schneiter Storen AG Ersatzteilshop\" \/>\n<meta property=\"og:description\" content=\"Details 230 V betriebener, kombinierter Wind- und Sonnensensor mit io-Funktechnologie. Je nach Wetterlage werden Markisen und Raffstoren automatisch ein- bzw. ausgefahren. Die integrierte Regenautomatik kann in Verbindung mit dem Regensensor Ondeis (nicht im Lieferumfang enthalten) das Produkt vor N\u00e4sse oder den Nutzer und das Mobiliar vor Regen sch\u00fctzen. Bitte beachten: Der Sensor ist nicht TaHoma-kompatibel. [&hellip;]\" \/>\n<meta property=\"og:url\" content=\"https:\/\/schneiter-storen.ch\/ersatzteile\/produkt\/sonnen-windsensor-soliris-io-1w-kabel-5-m-schwarz\/\" \/>\n<meta property=\"og:site_name\" content=\"Schneiter Storen AG Ersatzteilshop\" \/>\n<meta property=\"article:publisher\" content=\"https:\/\/www.facebook.com\/Schneiter-Storen-AG-102972985016682\" \/>\n<meta property=\"article:modified_time\" content=\"2023-03-24T12:45:28+00:00\" \/>\n<meta property=\"og:image\" content=\"https:\/\/schneiter-storen.ch\/ersatzteile\/wp-content\/uploads\/Soliris-230V.webp\" \/>\n\t<meta property=\"og:image:width\" content=\"1800\" \/>\n\t<meta property=\"og:image:height\" content=\"1800\" \/>\n\t<meta property=\"og:image:type\" content=\"image\/webp\" \/>\n<meta name=\"twitter:card\" content=\"summary_large_image\" \/>\n<meta name=\"twitter:label1\" content=\"Gesch\u00e4tzte Lesezeit\" \/>\n\t<meta name=\"twitter:data1\" content=\"1\u00a0Minute\" \/>\n<script type=\"application\/ld+json\" class=\"yoast-schema-graph\">{\"@context\":\"https:\/\/schema.org\",\"@graph\":[{\"@type\":\"WebPage\",\"@id\":\"https:\/\/schneiter-storen.ch\/ersatzteile\/produkt\/sonnen-windsensor-soliris-io-1w-kabel-5-m-schwarz\/\",\"url\":\"https:\/\/schneiter-storen.ch\/ersatzteile\/produkt\/sonnen-windsensor-soliris-io-1w-kabel-5-m-schwarz\/\",\"name\":\"Sonnen \/ Windsensor Soliris io 1W (Kabel 5 m schwarz) - Schneiter Storen AG Ersatzteilshop\",\"isPartOf\":{\"@id\":\"https:\/\/schneiter-storen.ch\/ersatzteile\/#website\"},\"primaryImageOfPage\":{\"@id\":\"https:\/\/schneiter-storen.ch\/ersatzteile\/produkt\/sonnen-windsensor-soliris-io-1w-kabel-5-m-schwarz\/#primaryimage\"},\"image\":{\"@id\":\"https:\/\/schneiter-storen.ch\/ersatzteile\/produkt\/sonnen-windsensor-soliris-io-1w-kabel-5-m-schwarz\/#primaryimage\"},\"thumbnailUrl\":\"https:\/\/schneiter-storen.ch\/ersatzteile\/wp-content\/uploads\/Soliris-230V.webp\",\"datePublished\":\"2023-02-10T15:29:32+00:00\",\"dateModified\":\"2023-03-24T12:45:28+00:00\",\"breadcrumb\":{\"@id\":\"https:\/\/schneiter-storen.ch\/ersatzteile\/produkt\/sonnen-windsensor-soliris-io-1w-kabel-5-m-schwarz\/#breadcrumb\"},\"inLanguage\":\"de\",\"potentialAction\":[{\"@type\":\"ReadAction\",\"target\":[\"https:\/\/schneiter-storen.ch\/ersatzteile\/produkt\/sonnen-windsensor-soliris-io-1w-kabel-5-m-schwarz\/\"]}]},{\"@type\":\"ImageObject\",\"inLanguage\":\"de\",\"@id\":\"https:\/\/schneiter-storen.ch\/ersatzteile\/produkt\/sonnen-windsensor-soliris-io-1w-kabel-5-m-schwarz\/#primaryimage\",\"url\":\"https:\/\/schneiter-storen.ch\/ersatzteile\/wp-content\/uploads\/Soliris-230V.webp\",\"contentUrl\":\"https:\/\/schneiter-storen.ch\/ersatzteile\/wp-content\/uploads\/Soliris-230V.webp\",\"width\":1800,\"height\":1800},{\"@type\":\"BreadcrumbList\",\"@id\":\"https:\/\/schneiter-storen.ch\/ersatzteile\/produkt\/sonnen-windsensor-soliris-io-1w-kabel-5-m-schwarz\/#breadcrumb\",\"itemListElement\":[{\"@type\":\"ListItem\",\"position\":1,\"name\":\"Startseite\",\"item\":\"https:\/\/schneiter-storen.ch\/ersatzteile\/\"},{\"@type\":\"ListItem\",\"position\":2,\"name\":\"Shop\",\"item\":\"https:\/\/schneiter-storen.ch\/ersatzteile\/\"},{\"@type\":\"ListItem\",\"position\":3,\"name\":\"Sonnen \/ Windsensor Soliris io 1W (Kabel 5 m schwarz)\"}]},{\"@type\":\"WebSite\",\"@id\":\"https:\/\/schneiter-storen.ch\/ersatzteile\/#website\",\"url\":\"https:\/\/schneiter-storen.ch\/ersatzteile\/\",\"name\":\"Schneiter Storen AG Ersatzteilshop\",\"description\":\"Sonne ist geil - Schatten ist cool!\",\"publisher\":{\"@id\":\"https:\/\/schneiter-storen.ch\/ersatzteile\/#organization\"},\"potentialAction\":[{\"@type\":\"SearchAction\",\"target\":{\"@type\":\"EntryPoint\",\"urlTemplate\":\"https:\/\/schneiter-storen.ch\/ersatzteile\/?s={search_term_string}\"},\"query-input\":{\"@type\":\"PropertyValueSpecification\",\"valueRequired\":true,\"valueName\":\"search_term_string\"}}],\"inLanguage\":\"de\"},{\"@type\":\"Organization\",\"@id\":\"https:\/\/schneiter-storen.ch\/ersatzteile\/#organization\",\"name\":\"Schneiter-Storen\",\"url\":\"https:\/\/schneiter-storen.ch\/ersatzteile\/\",\"logo\":{\"@type\":\"ImageObject\",\"inLanguage\":\"de\",\"@id\":\"https:\/\/schneiter-storen.ch\/ersatzteile\/#\/schema\/logo\/image\/\",\"url\":\"https:\/\/schneiter-storen.ch\/ersatzteile\/wp-content\/uploads\/logo.png\",\"contentUrl\":\"https:\/\/schneiter-storen.ch\/ersatzteile\/wp-content\/uploads\/logo.png\",\"width\":500,\"height\":188,\"caption\":\"Schneiter-Storen\"},\"image\":{\"@id\":\"https:\/\/schneiter-storen.ch\/ersatzteile\/#\/schema\/logo\/image\/\"},\"sameAs\":[\"https:\/\/www.facebook.com\/Schneiter-Storen-AG-102972985016682\",\"https:\/\/www.linkedin.com\/company\/schneiter-storen\/\"]}]}<\/script>\n<!-- \/ Yoast SEO plugin. -->","yoast_head_json":{"title":"Sonnen \/ Windsensor Soliris io 1W (Kabel 5 m schwarz) - Schneiter Storen AG Ersatzteilshop","robots":{"index":"index","follow":"follow","max-snippet":"max-snippet:-1","max-image-preview":"max-image-preview:large","max-video-preview":"max-video-preview:-1"},"canonical":"https:\/\/schneiter-storen.ch\/ersatzteile\/produkt\/sonnen-windsensor-soliris-io-1w-kabel-5-m-schwarz\/","og_locale":"de_DE","og_type":"article","og_title":"Sonnen \/ Windsensor Soliris io 1W (Kabel 5 m schwarz) - Schneiter Storen AG Ersatzteilshop","og_description":"Details 230 V betriebener, kombinierter Wind- und Sonnensensor mit io-Funktechnologie. Je nach Wetterlage werden Markisen und Raffstoren automatisch ein- bzw. ausgefahren. Die integrierte Regenautomatik kann in Verbindung mit dem Regensensor Ondeis (nicht im Lieferumfang enthalten) das Produkt vor N\u00e4sse oder den Nutzer und das Mobiliar vor Regen sch\u00fctzen. Bitte beachten: Der Sensor ist nicht TaHoma-kompatibel. [&hellip;]","og_url":"https:\/\/schneiter-storen.ch\/ersatzteile\/produkt\/sonnen-windsensor-soliris-io-1w-kabel-5-m-schwarz\/","og_site_name":"Schneiter Storen AG Ersatzteilshop","article_publisher":"https:\/\/www.facebook.com\/Schneiter-Storen-AG-102972985016682","article_modified_time":"2023-03-24T12:45:28+00:00","og_image":[{"width":1800,"height":1800,"url":"https:\/\/schneiter-storen.ch\/ersatzteile\/wp-content\/uploads\/Soliris-230V.webp","type":"image\/webp"}],"twitter_card":"summary_large_image","twitter_misc":{"Gesch\u00e4tzte Lesezeit":"1\u00a0Minute"},"schema":{"@context":"https:\/\/schema.org","@graph":[{"@type":"WebPage","@id":"https:\/\/schneiter-storen.ch\/ersatzteile\/produkt\/sonnen-windsensor-soliris-io-1w-kabel-5-m-schwarz\/","url":"https:\/\/schneiter-storen.ch\/ersatzteile\/produkt\/sonnen-windsensor-soliris-io-1w-kabel-5-m-schwarz\/","name":"Sonnen \/ Windsensor Soliris io 1W (Kabel 5 m schwarz) - Schneiter Storen AG Ersatzteilshop","isPartOf":{"@id":"https:\/\/schneiter-storen.ch\/ersatzteile\/#website"},"primaryImageOfPage":{"@id":"https:\/\/schneiter-storen.ch\/ersatzteile\/produkt\/sonnen-windsensor-soliris-io-1w-kabel-5-m-schwarz\/#primaryimage"},"image":{"@id":"https:\/\/schneiter-storen.ch\/ersatzteile\/produkt\/sonnen-windsensor-soliris-io-1w-kabel-5-m-schwarz\/#primaryimage"},"thumbnailUrl":"https:\/\/schneiter-storen.ch\/ersatzteile\/wp-content\/uploads\/Soliris-230V.webp","datePublished":"2023-02-10T15:29:32+00:00","dateModified":"2023-03-24T12:45:28+00:00","breadcrumb":{"@id":"https:\/\/schneiter-storen.ch\/ersatzteile\/produkt\/sonnen-windsensor-soliris-io-1w-kabel-5-m-schwarz\/#breadcrumb"},"inLanguage":"de","potentialAction":[{"@type":"ReadAction","target":["https:\/\/schneiter-storen.ch\/ersatzteile\/produkt\/sonnen-windsensor-soliris-io-1w-kabel-5-m-schwarz\/"]}]},{"@type":"ImageObject","inLanguage":"de","@id":"https:\/\/schneiter-storen.ch\/ersatzteile\/produkt\/sonnen-windsensor-soliris-io-1w-kabel-5-m-schwarz\/#primaryimage","url":"https:\/\/schneiter-storen.ch\/ersatzteile\/wp-content\/uploads\/Soliris-230V.webp","contentUrl":"https:\/\/schneiter-storen.ch\/ersatzteile\/wp-content\/uploads\/Soliris-230V.webp","width":1800,"height":1800},{"@type":"BreadcrumbList","@id":"https:\/\/schneiter-storen.ch\/ersatzteile\/produkt\/sonnen-windsensor-soliris-io-1w-kabel-5-m-schwarz\/#breadcrumb","itemListElement":[{"@type":"ListItem","position":1,"name":"Startseite","item":"https:\/\/schneiter-storen.ch\/ersatzteile\/"},{"@type":"ListItem","position":2,"name":"Shop","item":"https:\/\/schneiter-storen.ch\/ersatzteile\/"},{"@type":"ListItem","position":3,"name":"Sonnen \/ Windsensor Soliris io 1W (Kabel 5 m schwarz)"}]},{"@type":"WebSite","@id":"https:\/\/schneiter-storen.ch\/ersatzteile\/#website","url":"https:\/\/schneiter-storen.ch\/ersatzteile\/","name":"Schneiter Storen AG Ersatzteilshop","description":"Sonne ist geil - Schatten ist cool!","publisher":{"@id":"https:\/\/schneiter-storen.ch\/ersatzteile\/#organization"},"potentialAction":[{"@type":"SearchAction","target":{"@type":"EntryPoint","urlTemplate":"https:\/\/schneiter-storen.ch\/ersatzteile\/?s={search_term_string}"},"query-input":{"@type":"PropertyValueSpecification","valueRequired":true,"valueName":"search_term_string"}}],"inLanguage":"de"},{"@type":"Organization","@id":"https:\/\/schneiter-storen.ch\/ersatzteile\/#organization","name":"Schneiter-Storen","url":"https:\/\/schneiter-storen.ch\/ersatzteile\/","logo":{"@type":"ImageObject","inLanguage":"de","@id":"https:\/\/schneiter-storen.ch\/ersatzteile\/#\/schema\/logo\/image\/","url":"https:\/\/schneiter-storen.ch\/ersatzteile\/wp-content\/uploads\/logo.png","contentUrl":"https:\/\/schneiter-storen.ch\/ersatzteile\/wp-content\/uploads\/logo.png","width":500,"height":188,"caption":"Schneiter-Storen"},"image":{"@id":"https:\/\/schneiter-storen.ch\/ersatzteile\/#\/schema\/logo\/image\/"},"sameAs":["https:\/\/www.facebook.com\/Schneiter-Storen-AG-102972985016682","https:\/\/www.linkedin.com\/company\/schneiter-storen\/"]}]}},"_links":{"self":[{"href":"https:\/\/schneiter-storen.ch\/ersatzteile\/wp-json\/wp\/v2\/product\/232476","targetHints":{"allow":["GET"]}}],"collection":[{"href":"https:\/\/schneiter-storen.ch\/ersatzteile\/wp-json\/wp\/v2\/product"}],"about":[{"href":"https:\/\/schneiter-storen.ch\/ersatzteile\/wp-json\/wp\/v2\/types\/product"}],"replies":[{"embeddable":true,"href":"https:\/\/schneiter-storen.ch\/ersatzteile\/wp-json\/wp\/v2\/comments?post=232476"}],"wp:featuredmedia":[{"embeddable":true,"href":"https:\/\/schneiter-storen.ch\/ersatzteile\/wp-json\/wp\/v2\/media\/232477"}],"wp:attachment":[{"href":"https:\/\/schneiter-storen.ch\/ersatzteile\/wp-json\/wp\/v2\/media?parent=232476"}],"wp:term":[{"taxonomy":"product_brand","embeddable":true,"href":"https:\/\/schneiter-storen.ch\/ersatzteile\/wp-json\/wp\/v2\/product_brand?post=232476"},{"taxonomy":"product_cat","embeddable":true,"href":"https:\/\/schneiter-storen.ch\/ersatzteile\/wp-json\/wp\/v2\/product_cat?post=232476"},{"taxonomy":"product_tag","embeddable":true,"href":"https:\/\/schneiter-storen.ch\/ersatzteile\/wp-json\/wp\/v2\/product_tag?post=232476"}],"curies":[{"name":"wp","href":"https:\/\/api.w.org\/{rel}","templated":true}]}}