{"id":232480,"date":"2023-02-10T16:21:58","date_gmt":"2023-02-10T15:21:58","guid":{"rendered":"https:\/\/schneiter-storen.ch\/erstatzteile\/?post_type=product&#038;p=232480"},"modified":"2023-03-24T13:45:39","modified_gmt":"2023-03-24T12:45:39","slug":"ruettelsensor-eolis-3d-wirefree-io-schwarz","status":"publish","type":"product","link":"https:\/\/schneiter-storen.ch\/ersatzteile\/produkt\/ruettelsensor-eolis-3d-wirefree-io-schwarz\/","title":{"rendered":"R\u00fcttelsensor Eolis 3D WireFree io schwarz"},"content":{"rendered":"<p><strong>Sch\u00e4den an der Markise? Nein, danke!<\/strong><\/p>\n<p>&nbsp;<\/p>\n<p>Ihre Markise ist unterschiedlichen Wetterverh\u00e4ltnissen ausgesetzt, z.B. einem pl\u00f6tzlichen Sommergewitter oder einem starken Herbstwind. Durch das starke Windaufkommen kann zu Sch\u00e4den an Ihrem Exterieur kommen &#8211; das Markisentuch rei\u00dft, Ihre Gelenkstange verbiegt\u00a0 oder gar teure Gartenm\u00f6bel werden durch herumfliegende Markisenteile besch\u00e4digt.<\/p>\n<p>&nbsp;<\/p>\n<p>Vertrauen Sie daher einer L\u00f6sung, die Ihre Markise vor Sch\u00e4den durch Wind sch\u00fctzt und das rund um die Uhr. So m\u00fcssen Sie sich keine Sorgen um Ihre teure Investition machen und vermeiden kostspielige Sch\u00e4den.<\/p>\n<p>&nbsp;<\/p>\n<p>Der Somfy Windsensor misst exakt die Schwingungen Ihrer Markise in alle Richtungen (Auf- \/ Ab-Bewegungen, seitliche Schwingungen). Sobald die Schwingung eine Gefahr f\u00fcr Ihre Markise darstellt, gibt der\u00a0<strong>Somfy Windsensor<\/strong>\u00a0via Funk einen Impuls an Ihren Markisenmotor (io-Motor notwendig). Ihre Markise wird sofort automatisch eingefahren.<\/p>\n<p>&nbsp;<\/p>\n<p>Sie brauchen sich um nichts k\u00fcmmern. Der\u00a0<strong>Sensor\u00a0<\/strong>\u00fcbernimmt dies rund um die Uhr automatisch f\u00fcr Sie. So ist Ihre Markise auch w\u00e4hrend Ihrer Abwesenheit zuverl\u00e4ssig gesch\u00fctzt.<\/p>\n<p>&nbsp;<\/p>\n<p>Um alle Schwingungen exakt zu erkennen, wird der\u00a0<strong>Somfy Windsensor<\/strong>\u00a0direkt an Ihre Markise befestigt:<\/p>\n<p>&nbsp;<\/p>\n<p>&nbsp;<\/p>\n<p><img decoding=\"async\" title=\"Montage Somfy\u00ae Windsensor Eolis 3D WireFree io\" src=\"https:\/\/www.somfy-onlineshop.ch\/pub\/media\/wysiwyg\/Produktbilder\/montage-eolis-3d.JPG\" alt=\"\" \/><\/p>\n<p>&nbsp;<\/p>\n<p>&nbsp;<\/p>\n<p>&nbsp;<\/p>\n<table border=\"0\" align=\"left\">\n<tbody>\n<tr>\n<td><img loading=\"lazy\" decoding=\"async\" title=\"Schutz der Gelenkarm-Markise\" src=\"https:\/\/www.somfy-onlineshop.ch\/pub\/media\/wysiwyg\/Produktbilder\/anwendungsbeispiel-eolis.jpg\" alt=\"Schutz der Gelenkarm-Markise\" width=\"149\" height=\"149\" \/><\/td>\n<td><strong>Automatischer Schutz Ihrer Markise &#8211; rund um die Uhr<\/strong><br \/>\nSie sind auf einem Geburtstag eingeladen. Ihre Markise haben Sie zuvor ausgefahren, um die Sonnenseite Ihres Zuhauses zu beschatten, damit es im Inneren k\u00fchl bleibt. Pl\u00f6tzlich zieht ein Sturm ein. Was nun? Keine Sorge, der Somfy Windsensor l\u00e4sst Ihre Markise automatisch einfahren und sch\u00fctzt diese bis der Sturm vorbei ist.<\/td>\n<\/tr>\n<\/tbody>\n<\/table>\n<p>&nbsp;<\/p>\n<p>&nbsp;<\/p>\n<p>&nbsp;<\/p>\n<table border=\"1\" cellspacing=\"0\" cellpadding=\"0\">\n<tbody>\n<tr>\n<td valign=\"top\" width=\"179\">Funktionen:<\/td>\n<td valign=\"top\" width=\"447\"><\/td>\n<\/tr>\n<tr>\n<td valign=\"top\" width=\"179\">Anwendungsbereich<\/td>\n<td valign=\"top\" width=\"447\">Gelenkarm-Markise<\/td>\n<\/tr>\n<tr>\n<td valign=\"top\" width=\"179\">Betriebsspannung<\/td>\n<td valign=\"top\" width=\"447\">Batterietyp AAA (2x 1,5 VDC)<\/td>\n<\/tr>\n<tr>\n<td valign=\"top\" width=\"179\">Betriebstemperatur<\/td>\n<td valign=\"top\" width=\"447\">-20 \u00b0C bis +60 \u00b0C<\/td>\n<\/tr>\n<tr>\n<td valign=\"top\" width=\"179\">Schwellenwerteinstellung<\/td>\n<td valign=\"top\" width=\"447\">9 Empfindlichkeitsstufen<\/td>\n<\/tr>\n<tr>\n<td valign=\"top\" width=\"179\">Werkseinstellung<\/td>\n<td valign=\"top\" width=\"447\">Schwellenwert 2<\/td>\n<\/tr>\n<tr>\n<td valign=\"top\" width=\"179\">Ma\u00dfe<\/td>\n<td valign=\"top\" width=\"447\">153 x 38 x 25 mm<\/td>\n<\/tr>\n<\/tbody>\n<\/table>\n","protected":false},"excerpt":{"rendered":"<p>Sch\u00e4den an der Markise? Nein, danke! &nbsp; Ihre Markise ist unterschiedlichen Wetterverh\u00e4ltnissen ausgesetzt, z.B. einem pl\u00f6tzlichen Sommergewitter oder einem starken Herbstwind. Durch das starke Windaufkommen kann zu Sch\u00e4den an Ihrem Exterieur kommen &#8211; das Markisentuch rei\u00dft, Ihre Gelenkstange verbiegt\u00a0 oder gar teure Gartenm\u00f6bel werden durch herumfliegende Markisenteile besch\u00e4digt. &nbsp; Vertrauen Sie daher einer L\u00f6sung, die [&hellip;]<\/p>\n","protected":false},"featured_media":232481,"comment_status":"closed","ping_status":"closed","template":"","meta":{"_et_pb_use_builder":"","_et_pb_old_content":"","_et_gb_content_width":""},"product_brand":[],"product_cat":[72],"product_tag":[],"class_list":{"0":"post-232480","1":"product","2":"type-product","3":"status-publish","4":"has-post-thumbnail","6":"product_cat-io-system","7":"product_shipping_class-lieferung-innerhalb-von-4-tagen","9":"first","10":"instock","11":"taxable","12":"shipping-taxable","13":"purchasable","14":"product-type-simple"},"yoast_head":"<!-- This site is optimized with the Yoast SEO plugin v26.7 - https:\/\/yoast.com\/wordpress\/plugins\/seo\/ -->\n<title>R\u00fcttelsensor Eolis 3D WireFree io schwarz - Schneiter Storen AG Ersatzteilshop<\/title>\n<meta name=\"robots\" content=\"index, follow, max-snippet:-1, max-image-preview:large, max-video-preview:-1\" \/>\n<link rel=\"canonical\" href=\"https:\/\/schneiter-storen.ch\/ersatzteile\/produkt\/ruettelsensor-eolis-3d-wirefree-io-schwarz\/\" \/>\n<meta property=\"og:locale\" content=\"de_DE\" \/>\n<meta property=\"og:type\" content=\"article\" \/>\n<meta property=\"og:title\" content=\"R\u00fcttelsensor Eolis 3D WireFree io schwarz - Schneiter Storen AG Ersatzteilshop\" \/>\n<meta property=\"og:description\" content=\"Sch\u00e4den an der Markise? Nein, danke! &nbsp; Ihre Markise ist unterschiedlichen Wetterverh\u00e4ltnissen ausgesetzt, z.B. einem pl\u00f6tzlichen Sommergewitter oder einem starken Herbstwind. Durch das starke Windaufkommen kann zu Sch\u00e4den an Ihrem Exterieur kommen &#8211; das Markisentuch rei\u00dft, Ihre Gelenkstange verbiegt\u00a0 oder gar teure Gartenm\u00f6bel werden durch herumfliegende Markisenteile besch\u00e4digt. &nbsp; Vertrauen Sie daher einer L\u00f6sung, die [&hellip;]\" \/>\n<meta property=\"og:url\" content=\"https:\/\/schneiter-storen.ch\/ersatzteile\/produkt\/ruettelsensor-eolis-3d-wirefree-io-schwarz\/\" \/>\n<meta property=\"og:site_name\" content=\"Schneiter Storen AG Ersatzteilshop\" \/>\n<meta property=\"article:publisher\" content=\"https:\/\/www.facebook.com\/Schneiter-Storen-AG-102972985016682\" \/>\n<meta property=\"article:modified_time\" content=\"2023-03-24T12:45:39+00:00\" \/>\n<meta property=\"og:image\" content=\"https:\/\/schneiter-storen.ch\/ersatzteile\/wp-content\/uploads\/eolis-schwarz.jpg\" \/>\n\t<meta property=\"og:image:width\" content=\"1600\" \/>\n\t<meta property=\"og:image:height\" content=\"1600\" \/>\n\t<meta property=\"og:image:type\" content=\"image\/jpeg\" \/>\n<meta name=\"twitter:card\" content=\"summary_large_image\" \/>\n<meta name=\"twitter:label1\" content=\"Gesch\u00e4tzte Lesezeit\" \/>\n\t<meta name=\"twitter:data1\" content=\"2\u00a0Minuten\" \/>\n<script type=\"application\/ld+json\" class=\"yoast-schema-graph\">{\"@context\":\"https:\/\/schema.org\",\"@graph\":[{\"@type\":\"WebPage\",\"@id\":\"https:\/\/schneiter-storen.ch\/ersatzteile\/produkt\/ruettelsensor-eolis-3d-wirefree-io-schwarz\/\",\"url\":\"https:\/\/schneiter-storen.ch\/ersatzteile\/produkt\/ruettelsensor-eolis-3d-wirefree-io-schwarz\/\",\"name\":\"R\u00fcttelsensor Eolis 3D WireFree io schwarz - Schneiter Storen AG Ersatzteilshop\",\"isPartOf\":{\"@id\":\"https:\/\/schneiter-storen.ch\/ersatzteile\/#website\"},\"primaryImageOfPage\":{\"@id\":\"https:\/\/schneiter-storen.ch\/ersatzteile\/produkt\/ruettelsensor-eolis-3d-wirefree-io-schwarz\/#primaryimage\"},\"image\":{\"@id\":\"https:\/\/schneiter-storen.ch\/ersatzteile\/produkt\/ruettelsensor-eolis-3d-wirefree-io-schwarz\/#primaryimage\"},\"thumbnailUrl\":\"https:\/\/schneiter-storen.ch\/ersatzteile\/wp-content\/uploads\/eolis-schwarz.jpg\",\"datePublished\":\"2023-02-10T15:21:58+00:00\",\"dateModified\":\"2023-03-24T12:45:39+00:00\",\"breadcrumb\":{\"@id\":\"https:\/\/schneiter-storen.ch\/ersatzteile\/produkt\/ruettelsensor-eolis-3d-wirefree-io-schwarz\/#breadcrumb\"},\"inLanguage\":\"de\",\"potentialAction\":[{\"@type\":\"ReadAction\",\"target\":[\"https:\/\/schneiter-storen.ch\/ersatzteile\/produkt\/ruettelsensor-eolis-3d-wirefree-io-schwarz\/\"]}]},{\"@type\":\"ImageObject\",\"inLanguage\":\"de\",\"@id\":\"https:\/\/schneiter-storen.ch\/ersatzteile\/produkt\/ruettelsensor-eolis-3d-wirefree-io-schwarz\/#primaryimage\",\"url\":\"https:\/\/schneiter-storen.ch\/ersatzteile\/wp-content\/uploads\/eolis-schwarz.jpg\",\"contentUrl\":\"https:\/\/schneiter-storen.ch\/ersatzteile\/wp-content\/uploads\/eolis-schwarz.jpg\",\"width\":1600,\"height\":1600},{\"@type\":\"BreadcrumbList\",\"@id\":\"https:\/\/schneiter-storen.ch\/ersatzteile\/produkt\/ruettelsensor-eolis-3d-wirefree-io-schwarz\/#breadcrumb\",\"itemListElement\":[{\"@type\":\"ListItem\",\"position\":1,\"name\":\"Startseite\",\"item\":\"https:\/\/schneiter-storen.ch\/ersatzteile\/\"},{\"@type\":\"ListItem\",\"position\":2,\"name\":\"Shop\",\"item\":\"https:\/\/schneiter-storen.ch\/ersatzteile\/\"},{\"@type\":\"ListItem\",\"position\":3,\"name\":\"R\u00fcttelsensor Eolis 3D WireFree io schwarz\"}]},{\"@type\":\"WebSite\",\"@id\":\"https:\/\/schneiter-storen.ch\/ersatzteile\/#website\",\"url\":\"https:\/\/schneiter-storen.ch\/ersatzteile\/\",\"name\":\"Schneiter Storen AG Ersatzteilshop\",\"description\":\"Sonne ist geil - Schatten ist cool!\",\"publisher\":{\"@id\":\"https:\/\/schneiter-storen.ch\/ersatzteile\/#organization\"},\"potentialAction\":[{\"@type\":\"SearchAction\",\"target\":{\"@type\":\"EntryPoint\",\"urlTemplate\":\"https:\/\/schneiter-storen.ch\/ersatzteile\/?s={search_term_string}\"},\"query-input\":{\"@type\":\"PropertyValueSpecification\",\"valueRequired\":true,\"valueName\":\"search_term_string\"}}],\"inLanguage\":\"de\"},{\"@type\":\"Organization\",\"@id\":\"https:\/\/schneiter-storen.ch\/ersatzteile\/#organization\",\"name\":\"Schneiter-Storen\",\"url\":\"https:\/\/schneiter-storen.ch\/ersatzteile\/\",\"logo\":{\"@type\":\"ImageObject\",\"inLanguage\":\"de\",\"@id\":\"https:\/\/schneiter-storen.ch\/ersatzteile\/#\/schema\/logo\/image\/\",\"url\":\"https:\/\/schneiter-storen.ch\/ersatzteile\/wp-content\/uploads\/logo.png\",\"contentUrl\":\"https:\/\/schneiter-storen.ch\/ersatzteile\/wp-content\/uploads\/logo.png\",\"width\":500,\"height\":188,\"caption\":\"Schneiter-Storen\"},\"image\":{\"@id\":\"https:\/\/schneiter-storen.ch\/ersatzteile\/#\/schema\/logo\/image\/\"},\"sameAs\":[\"https:\/\/www.facebook.com\/Schneiter-Storen-AG-102972985016682\",\"https:\/\/www.linkedin.com\/company\/schneiter-storen\/\"]}]}<\/script>\n<!-- \/ Yoast SEO plugin. -->","yoast_head_json":{"title":"R\u00fcttelsensor Eolis 3D WireFree io schwarz - Schneiter Storen AG Ersatzteilshop","robots":{"index":"index","follow":"follow","max-snippet":"max-snippet:-1","max-image-preview":"max-image-preview:large","max-video-preview":"max-video-preview:-1"},"canonical":"https:\/\/schneiter-storen.ch\/ersatzteile\/produkt\/ruettelsensor-eolis-3d-wirefree-io-schwarz\/","og_locale":"de_DE","og_type":"article","og_title":"R\u00fcttelsensor Eolis 3D WireFree io schwarz - Schneiter Storen AG Ersatzteilshop","og_description":"Sch\u00e4den an der Markise? Nein, danke! &nbsp; Ihre Markise ist unterschiedlichen Wetterverh\u00e4ltnissen ausgesetzt, z.B. einem pl\u00f6tzlichen Sommergewitter oder einem starken Herbstwind. Durch das starke Windaufkommen kann zu Sch\u00e4den an Ihrem Exterieur kommen &#8211; das Markisentuch rei\u00dft, Ihre Gelenkstange verbiegt\u00a0 oder gar teure Gartenm\u00f6bel werden durch herumfliegende Markisenteile besch\u00e4digt. &nbsp; Vertrauen Sie daher einer L\u00f6sung, die [&hellip;]","og_url":"https:\/\/schneiter-storen.ch\/ersatzteile\/produkt\/ruettelsensor-eolis-3d-wirefree-io-schwarz\/","og_site_name":"Schneiter Storen AG Ersatzteilshop","article_publisher":"https:\/\/www.facebook.com\/Schneiter-Storen-AG-102972985016682","article_modified_time":"2023-03-24T12:45:39+00:00","og_image":[{"width":1600,"height":1600,"url":"https:\/\/schneiter-storen.ch\/ersatzteile\/wp-content\/uploads\/eolis-schwarz.jpg","type":"image\/jpeg"}],"twitter_card":"summary_large_image","twitter_misc":{"Gesch\u00e4tzte Lesezeit":"2\u00a0Minuten"},"schema":{"@context":"https:\/\/schema.org","@graph":[{"@type":"WebPage","@id":"https:\/\/schneiter-storen.ch\/ersatzteile\/produkt\/ruettelsensor-eolis-3d-wirefree-io-schwarz\/","url":"https:\/\/schneiter-storen.ch\/ersatzteile\/produkt\/ruettelsensor-eolis-3d-wirefree-io-schwarz\/","name":"R\u00fcttelsensor Eolis 3D WireFree io schwarz - Schneiter Storen AG Ersatzteilshop","isPartOf":{"@id":"https:\/\/schneiter-storen.ch\/ersatzteile\/#website"},"primaryImageOfPage":{"@id":"https:\/\/schneiter-storen.ch\/ersatzteile\/produkt\/ruettelsensor-eolis-3d-wirefree-io-schwarz\/#primaryimage"},"image":{"@id":"https:\/\/schneiter-storen.ch\/ersatzteile\/produkt\/ruettelsensor-eolis-3d-wirefree-io-schwarz\/#primaryimage"},"thumbnailUrl":"https:\/\/schneiter-storen.ch\/ersatzteile\/wp-content\/uploads\/eolis-schwarz.jpg","datePublished":"2023-02-10T15:21:58+00:00","dateModified":"2023-03-24T12:45:39+00:00","breadcrumb":{"@id":"https:\/\/schneiter-storen.ch\/ersatzteile\/produkt\/ruettelsensor-eolis-3d-wirefree-io-schwarz\/#breadcrumb"},"inLanguage":"de","potentialAction":[{"@type":"ReadAction","target":["https:\/\/schneiter-storen.ch\/ersatzteile\/produkt\/ruettelsensor-eolis-3d-wirefree-io-schwarz\/"]}]},{"@type":"ImageObject","inLanguage":"de","@id":"https:\/\/schneiter-storen.ch\/ersatzteile\/produkt\/ruettelsensor-eolis-3d-wirefree-io-schwarz\/#primaryimage","url":"https:\/\/schneiter-storen.ch\/ersatzteile\/wp-content\/uploads\/eolis-schwarz.jpg","contentUrl":"https:\/\/schneiter-storen.ch\/ersatzteile\/wp-content\/uploads\/eolis-schwarz.jpg","width":1600,"height":1600},{"@type":"BreadcrumbList","@id":"https:\/\/schneiter-storen.ch\/ersatzteile\/produkt\/ruettelsensor-eolis-3d-wirefree-io-schwarz\/#breadcrumb","itemListElement":[{"@type":"ListItem","position":1,"name":"Startseite","item":"https:\/\/schneiter-storen.ch\/ersatzteile\/"},{"@type":"ListItem","position":2,"name":"Shop","item":"https:\/\/schneiter-storen.ch\/ersatzteile\/"},{"@type":"ListItem","position":3,"name":"R\u00fcttelsensor Eolis 3D WireFree io schwarz"}]},{"@type":"WebSite","@id":"https:\/\/schneiter-storen.ch\/ersatzteile\/#website","url":"https:\/\/schneiter-storen.ch\/ersatzteile\/","name":"Schneiter Storen AG Ersatzteilshop","description":"Sonne ist geil - Schatten ist cool!","publisher":{"@id":"https:\/\/schneiter-storen.ch\/ersatzteile\/#organization"},"potentialAction":[{"@type":"SearchAction","target":{"@type":"EntryPoint","urlTemplate":"https:\/\/schneiter-storen.ch\/ersatzteile\/?s={search_term_string}"},"query-input":{"@type":"PropertyValueSpecification","valueRequired":true,"valueName":"search_term_string"}}],"inLanguage":"de"},{"@type":"Organization","@id":"https:\/\/schneiter-storen.ch\/ersatzteile\/#organization","name":"Schneiter-Storen","url":"https:\/\/schneiter-storen.ch\/ersatzteile\/","logo":{"@type":"ImageObject","inLanguage":"de","@id":"https:\/\/schneiter-storen.ch\/ersatzteile\/#\/schema\/logo\/image\/","url":"https:\/\/schneiter-storen.ch\/ersatzteile\/wp-content\/uploads\/logo.png","contentUrl":"https:\/\/schneiter-storen.ch\/ersatzteile\/wp-content\/uploads\/logo.png","width":500,"height":188,"caption":"Schneiter-Storen"},"image":{"@id":"https:\/\/schneiter-storen.ch\/ersatzteile\/#\/schema\/logo\/image\/"},"sameAs":["https:\/\/www.facebook.com\/Schneiter-Storen-AG-102972985016682","https:\/\/www.linkedin.com\/company\/schneiter-storen\/"]}]}},"_links":{"self":[{"href":"https:\/\/schneiter-storen.ch\/ersatzteile\/wp-json\/wp\/v2\/product\/232480","targetHints":{"allow":["GET"]}}],"collection":[{"href":"https:\/\/schneiter-storen.ch\/ersatzteile\/wp-json\/wp\/v2\/product"}],"about":[{"href":"https:\/\/schneiter-storen.ch\/ersatzteile\/wp-json\/wp\/v2\/types\/product"}],"replies":[{"embeddable":true,"href":"https:\/\/schneiter-storen.ch\/ersatzteile\/wp-json\/wp\/v2\/comments?post=232480"}],"wp:featuredmedia":[{"embeddable":true,"href":"https:\/\/schneiter-storen.ch\/ersatzteile\/wp-json\/wp\/v2\/media\/232481"}],"wp:attachment":[{"href":"https:\/\/schneiter-storen.ch\/ersatzteile\/wp-json\/wp\/v2\/media?parent=232480"}],"wp:term":[{"taxonomy":"product_brand","embeddable":true,"href":"https:\/\/schneiter-storen.ch\/ersatzteile\/wp-json\/wp\/v2\/product_brand?post=232480"},{"taxonomy":"product_cat","embeddable":true,"href":"https:\/\/schneiter-storen.ch\/ersatzteile\/wp-json\/wp\/v2\/product_cat?post=232480"},{"taxonomy":"product_tag","embeddable":true,"href":"https:\/\/schneiter-storen.ch\/ersatzteile\/wp-json\/wp\/v2\/product_tag?post=232480"}],"curies":[{"name":"wp","href":"https:\/\/api.w.org\/{rel}","templated":true}]}}