{"id":232482,"date":"2023-02-10T16:20:23","date_gmt":"2023-02-10T15:20:23","guid":{"rendered":"https:\/\/schneiter-storen.ch\/erstatzteile\/?post_type=product&#038;p=232482"},"modified":"2023-03-24T13:45:45","modified_gmt":"2023-03-24T12:45:45","slug":"sonnensensor-sunis-wirefree-ii-io-batteriebetrieben","status":"publish","type":"product","link":"https:\/\/schneiter-storen.ch\/ersatzteile\/produkt\/sonnensensor-sunis-wirefree-ii-io-batteriebetrieben\/","title":{"rendered":"Sonnensensor Sunis WireFree II io (Batteriebetrieben)"},"content":{"rendered":"<p>Der\u00a0<strong>Somfy Funk-Sonnensensor Sunis WireFree II<\/strong>\u00a0io misst laufend die aktuelle St\u00e4rke der Sonneneinstrahlung im Innen- oder Au\u00dfenbereich. Der Somfy Funk-Sonnensensor kommuniziert, dank integrierter Funkverbindung, mit Ihrer vorhandenen Somfy Smart Home-Steuerung Premium oder Basic.<\/p>\n<p>&nbsp;<\/p>\n<p>Der Somfy Funk-Sonnensensor Sunis WireFree II io erm\u00f6glicht die\u00a0<strong>automatische helligkeitsabh\u00e4ngige Steuerung<\/strong>\u00a0von Roll\u00e4den, Jalousien und Markisen: z.B. schlie\u00dfen Ihre Roll\u00e4den im Sommer automatisch, sobald ein von Ihnen eingestellter Helligkeitswert erreicht ist, wodurch Ihr Wohnraum\u00a0<strong>nicht unn\u00f6tig aufheizt.<\/strong><\/p>\n<p><img loading=\"lazy\" decoding=\"async\" src=\"https:\/\/shop.somfy.de\/media\/wysiwyg\/1818285-sunis-wirefree-ii-io.jpg\" alt=\"Somfy\u00ae Funk-Sonnensensor Sunis WireFree II io\" width=\"750\" height=\"352\" \/><\/p>\n<p>&nbsp;<\/p>\n<p>Weitere Vorteile des Somfy Funk-Sonnensensor Sunis WireFree II io:<\/p>\n<ul>\n<li>Einfache Montage dank Batteriebetrieb und integrierter Funk-Technologie<\/li>\n<li>Schnelle Befestigung des Somfy Funk-Helligkeitssensors mit der mitgelieferten Wandhalterung<\/li>\n<li>In Kombination mit den Somfy Smart Home-Steuerungen Premium &amp; Basic kann der Sonnensensor in Funktionen wie z.B. intelligente Bedingungen eingebunden werden<\/li>\n<\/ul>\n<table border=\"0\" align=\"left\">\n<tbody>\n<tr>\n<td><img loading=\"lazy\" decoding=\"async\" src=\"https:\/\/shop.somfy.de\/media\/wysiwyg\/somfy-sonnenschutz.jpg\" alt=\"Somfy Sonnenschutz\" width=\"50\" height=\"50\" \/><\/td>\n<td><strong>Im Sommer f\u00e4hrt Ihre Markise automatisch aus, wenn die Sonne zu stark scheint (Intelligente Bedingungen)<\/strong><br \/>\nMit Hilfe von intelligenten Bedingungen k\u00f6nnen Sie \u00fcber Ihre Somfy Smart Home-Steuerung das automatische Ausfahren Ihre Markise einstellen. Stellen Sie sich vor, Sie liegen im Sommer auf Ihrer Terrasse und genie\u00dfen die wolkenlose Mittagsonne. Damit Sie nicht zu lange einer starken Sonneneinstrahlung ausgesetzt sind und so einen Sonnenbrand riskieren, f\u00e4hrt Ihre Markise beim Erreichen eines bestimmten Wertes automatisch aus. Ein angenehmer Aufenthalt auf der Terrasse ist f\u00fcr Sie damit garantiert.<\/td>\n<\/tr>\n<tr>\n<td><img loading=\"lazy\" decoding=\"async\" src=\"https:\/\/shop.somfy.de\/media\/wysiwyg\/somfy-temperatur-winter.jpg\" alt=\"Somfy Bedienung im Winter\" width=\"50\" height=\"50\" \/><\/td>\n<td><strong>Helligkeitsautomatische Bedienung Ihrer Roll\u00e4den im Winter (Intelligente Bedingungen)<br \/>\n<\/strong>Sorgen Sie f\u00fcr eine optimale Raumtemperatur im Winter und sparen Sie dadurch gleichzeitig Heizkosten. Erstellen Sie eine intelligente Bedingung, sodass beim Erreichen eines bestimmten Sonnenwerts die Heiztemperatur (kompatibler Heizk\u00f6rperthermostat notwendig) automatisch absinkt. So k\u00f6nnen Sie \u00fcberm\u00e4\u00dfigem Heizen vorbeugen.<\/td>\n<\/tr>\n<tr>\n<td><img loading=\"lazy\" decoding=\"async\" src=\"https:\/\/shop.somfy.de\/media\/wysiwyg\/somfy-temperatur-im-sommer.jpg\" alt=\"Somfy Bedienung im Sommer\" width=\"50\" height=\"50\" \/><\/td>\n<td><strong>Helligkeitsautomatische Bedienung Ihrer Roll\u00e4den im Sommer (Intelligente Bedingungen)<br \/>\n<\/strong>Klimatisieren Sie Ihre R\u00e4umlichkeiten optimal, indem Sie im Sommer Ihre Roll\u00e4den automatisch schlie\u00dfen lassen. Stellen Sie einfach den gew\u00fcnschten Helligkeitswert ein und verhindern Sie unn\u00f6tiges Aufheizen Ihrer R\u00e4ume durch eine zu hohe Sonneneinstrahlung.<\/td>\n<\/tr>\n<\/tbody>\n<\/table>\n<p>&nbsp;<\/p>\n<div>\n<p>&nbsp;<\/p>\n<table border=\"1\" cellspacing=\"0\" cellpadding=\"0\">\n<tbody>\n<tr>\n<td valign=\"top\" width=\"179\">Funktionen:<\/td>\n<td valign=\"top\" width=\"447\"><\/td>\n<\/tr>\n<tr>\n<td valign=\"top\" width=\"179\">Anwendungsbereich<\/td>\n<td valign=\"top\" width=\"447\">Innen- oder Au\u00dfenbereich (z.B. im Schlafzimmer oder auf der Terrasse)<\/td>\n<\/tr>\n<tr>\n<td valign=\"top\" width=\"179\">Integrierbar in folgende Somfy Smart Home-Steuerungen<\/td>\n<td valign=\"top\" width=\"447\">Somfy Smart Home-Steuerung Premium, Somfy Smart Home-Steuerung Basic, Somfy Starterkits, Somfy Erweiterungskits<\/td>\n<\/tr>\n<tr>\n<td valign=\"top\" width=\"179\">Messbereich der Sonneneinstrahlungen<\/td>\n<td valign=\"top\" width=\"447\">50 \u2013 100.000 Lux<\/td>\n<\/tr>\n<\/tbody>\n<\/table>\n<\/div>\n","protected":false},"excerpt":{"rendered":"<p>Der\u00a0Somfy Funk-Sonnensensor Sunis WireFree II\u00a0io misst laufend die aktuelle St\u00e4rke der Sonneneinstrahlung im Innen- oder Au\u00dfenbereich. Der Somfy Funk-Sonnensensor kommuniziert, dank integrierter Funkverbindung, mit Ihrer vorhandenen Somfy Smart Home-Steuerung Premium oder Basic. &nbsp; Der Somfy Funk-Sonnensensor Sunis WireFree II io erm\u00f6glicht die\u00a0automatische helligkeitsabh\u00e4ngige Steuerung\u00a0von Roll\u00e4den, Jalousien und Markisen: z.B. schlie\u00dfen Ihre Roll\u00e4den im Sommer automatisch, [&hellip;]<\/p>\n","protected":false},"featured_media":232553,"comment_status":"closed","ping_status":"closed","template":"","meta":{"_et_pb_use_builder":"","_et_pb_old_content":"","_et_gb_content_width":""},"product_brand":[],"product_cat":[72],"product_tag":[],"class_list":{"0":"post-232482","1":"product","2":"type-product","3":"status-publish","4":"has-post-thumbnail","6":"product_cat-io-system","7":"product_shipping_class-lieferung-innerhalb-von-4-tagen","9":"first","10":"instock","11":"taxable","12":"shipping-taxable","13":"purchasable","14":"product-type-simple"},"yoast_head":"<!-- This site is optimized with the Yoast SEO plugin v26.7 - https:\/\/yoast.com\/wordpress\/plugins\/seo\/ -->\n<title>Sonnensensor Sunis WireFree II io (Batteriebetrieben) - Schneiter Storen AG Ersatzteilshop<\/title>\n<meta name=\"robots\" content=\"index, follow, max-snippet:-1, max-image-preview:large, max-video-preview:-1\" \/>\n<link rel=\"canonical\" href=\"https:\/\/schneiter-storen.ch\/ersatzteile\/produkt\/sonnensensor-sunis-wirefree-ii-io-batteriebetrieben\/\" \/>\n<meta property=\"og:locale\" content=\"de_DE\" \/>\n<meta property=\"og:type\" content=\"article\" \/>\n<meta property=\"og:title\" content=\"Sonnensensor Sunis WireFree II io (Batteriebetrieben) - Schneiter Storen AG Ersatzteilshop\" \/>\n<meta property=\"og:description\" content=\"Der\u00a0Somfy Funk-Sonnensensor Sunis WireFree II\u00a0io misst laufend die aktuelle St\u00e4rke der Sonneneinstrahlung im Innen- oder Au\u00dfenbereich. Der Somfy Funk-Sonnensensor kommuniziert, dank integrierter Funkverbindung, mit Ihrer vorhandenen Somfy Smart Home-Steuerung Premium oder Basic. &nbsp; Der Somfy Funk-Sonnensensor Sunis WireFree II io erm\u00f6glicht die\u00a0automatische helligkeitsabh\u00e4ngige Steuerung\u00a0von Roll\u00e4den, Jalousien und Markisen: z.B. schlie\u00dfen Ihre Roll\u00e4den im Sommer automatisch, [&hellip;]\" \/>\n<meta property=\"og:url\" content=\"https:\/\/schneiter-storen.ch\/ersatzteile\/produkt\/sonnensensor-sunis-wirefree-ii-io-batteriebetrieben\/\" \/>\n<meta property=\"og:site_name\" content=\"Schneiter Storen AG Ersatzteilshop\" \/>\n<meta property=\"article:publisher\" content=\"https:\/\/www.facebook.com\/Schneiter-Storen-AG-102972985016682\" \/>\n<meta property=\"article:modified_time\" content=\"2023-03-24T12:45:45+00:00\" \/>\n<meta property=\"og:image\" content=\"https:\/\/schneiter-storen.ch\/ersatzteile\/wp-content\/uploads\/sunis-wirefree.jpg\" \/>\n\t<meta property=\"og:image:width\" content=\"523\" \/>\n\t<meta property=\"og:image:height\" content=\"549\" \/>\n\t<meta property=\"og:image:type\" content=\"image\/jpeg\" \/>\n<meta name=\"twitter:card\" content=\"summary_large_image\" \/>\n<meta name=\"twitter:label1\" content=\"Gesch\u00e4tzte Lesezeit\" \/>\n\t<meta name=\"twitter:data1\" content=\"3\u00a0Minuten\" \/>\n<script type=\"application\/ld+json\" class=\"yoast-schema-graph\">{\"@context\":\"https:\/\/schema.org\",\"@graph\":[{\"@type\":\"WebPage\",\"@id\":\"https:\/\/schneiter-storen.ch\/ersatzteile\/produkt\/sonnensensor-sunis-wirefree-ii-io-batteriebetrieben\/\",\"url\":\"https:\/\/schneiter-storen.ch\/ersatzteile\/produkt\/sonnensensor-sunis-wirefree-ii-io-batteriebetrieben\/\",\"name\":\"Sonnensensor Sunis WireFree II io (Batteriebetrieben) - Schneiter Storen AG Ersatzteilshop\",\"isPartOf\":{\"@id\":\"https:\/\/schneiter-storen.ch\/ersatzteile\/#website\"},\"primaryImageOfPage\":{\"@id\":\"https:\/\/schneiter-storen.ch\/ersatzteile\/produkt\/sonnensensor-sunis-wirefree-ii-io-batteriebetrieben\/#primaryimage\"},\"image\":{\"@id\":\"https:\/\/schneiter-storen.ch\/ersatzteile\/produkt\/sonnensensor-sunis-wirefree-ii-io-batteriebetrieben\/#primaryimage\"},\"thumbnailUrl\":\"https:\/\/schneiter-storen.ch\/ersatzteile\/wp-content\/uploads\/sunis-wirefree.jpg\",\"datePublished\":\"2023-02-10T15:20:23+00:00\",\"dateModified\":\"2023-03-24T12:45:45+00:00\",\"breadcrumb\":{\"@id\":\"https:\/\/schneiter-storen.ch\/ersatzteile\/produkt\/sonnensensor-sunis-wirefree-ii-io-batteriebetrieben\/#breadcrumb\"},\"inLanguage\":\"de\",\"potentialAction\":[{\"@type\":\"ReadAction\",\"target\":[\"https:\/\/schneiter-storen.ch\/ersatzteile\/produkt\/sonnensensor-sunis-wirefree-ii-io-batteriebetrieben\/\"]}]},{\"@type\":\"ImageObject\",\"inLanguage\":\"de\",\"@id\":\"https:\/\/schneiter-storen.ch\/ersatzteile\/produkt\/sonnensensor-sunis-wirefree-ii-io-batteriebetrieben\/#primaryimage\",\"url\":\"https:\/\/schneiter-storen.ch\/ersatzteile\/wp-content\/uploads\/sunis-wirefree.jpg\",\"contentUrl\":\"https:\/\/schneiter-storen.ch\/ersatzteile\/wp-content\/uploads\/sunis-wirefree.jpg\",\"width\":523,\"height\":549},{\"@type\":\"BreadcrumbList\",\"@id\":\"https:\/\/schneiter-storen.ch\/ersatzteile\/produkt\/sonnensensor-sunis-wirefree-ii-io-batteriebetrieben\/#breadcrumb\",\"itemListElement\":[{\"@type\":\"ListItem\",\"position\":1,\"name\":\"Startseite\",\"item\":\"https:\/\/schneiter-storen.ch\/ersatzteile\/\"},{\"@type\":\"ListItem\",\"position\":2,\"name\":\"Shop\",\"item\":\"https:\/\/schneiter-storen.ch\/ersatzteile\/\"},{\"@type\":\"ListItem\",\"position\":3,\"name\":\"Sonnensensor Sunis WireFree II io (Batteriebetrieben)\"}]},{\"@type\":\"WebSite\",\"@id\":\"https:\/\/schneiter-storen.ch\/ersatzteile\/#website\",\"url\":\"https:\/\/schneiter-storen.ch\/ersatzteile\/\",\"name\":\"Schneiter Storen AG Ersatzteilshop\",\"description\":\"Sonne ist geil - Schatten ist cool!\",\"publisher\":{\"@id\":\"https:\/\/schneiter-storen.ch\/ersatzteile\/#organization\"},\"potentialAction\":[{\"@type\":\"SearchAction\",\"target\":{\"@type\":\"EntryPoint\",\"urlTemplate\":\"https:\/\/schneiter-storen.ch\/ersatzteile\/?s={search_term_string}\"},\"query-input\":{\"@type\":\"PropertyValueSpecification\",\"valueRequired\":true,\"valueName\":\"search_term_string\"}}],\"inLanguage\":\"de\"},{\"@type\":\"Organization\",\"@id\":\"https:\/\/schneiter-storen.ch\/ersatzteile\/#organization\",\"name\":\"Schneiter-Storen\",\"url\":\"https:\/\/schneiter-storen.ch\/ersatzteile\/\",\"logo\":{\"@type\":\"ImageObject\",\"inLanguage\":\"de\",\"@id\":\"https:\/\/schneiter-storen.ch\/ersatzteile\/#\/schema\/logo\/image\/\",\"url\":\"https:\/\/schneiter-storen.ch\/ersatzteile\/wp-content\/uploads\/logo.png\",\"contentUrl\":\"https:\/\/schneiter-storen.ch\/ersatzteile\/wp-content\/uploads\/logo.png\",\"width\":500,\"height\":188,\"caption\":\"Schneiter-Storen\"},\"image\":{\"@id\":\"https:\/\/schneiter-storen.ch\/ersatzteile\/#\/schema\/logo\/image\/\"},\"sameAs\":[\"https:\/\/www.facebook.com\/Schneiter-Storen-AG-102972985016682\",\"https:\/\/www.linkedin.com\/company\/schneiter-storen\/\"]}]}<\/script>\n<!-- \/ Yoast SEO plugin. -->","yoast_head_json":{"title":"Sonnensensor Sunis WireFree II io (Batteriebetrieben) - Schneiter Storen AG Ersatzteilshop","robots":{"index":"index","follow":"follow","max-snippet":"max-snippet:-1","max-image-preview":"max-image-preview:large","max-video-preview":"max-video-preview:-1"},"canonical":"https:\/\/schneiter-storen.ch\/ersatzteile\/produkt\/sonnensensor-sunis-wirefree-ii-io-batteriebetrieben\/","og_locale":"de_DE","og_type":"article","og_title":"Sonnensensor Sunis WireFree II io (Batteriebetrieben) - Schneiter Storen AG Ersatzteilshop","og_description":"Der\u00a0Somfy Funk-Sonnensensor Sunis WireFree II\u00a0io misst laufend die aktuelle St\u00e4rke der Sonneneinstrahlung im Innen- oder Au\u00dfenbereich. Der Somfy Funk-Sonnensensor kommuniziert, dank integrierter Funkverbindung, mit Ihrer vorhandenen Somfy Smart Home-Steuerung Premium oder Basic. &nbsp; Der Somfy Funk-Sonnensensor Sunis WireFree II io erm\u00f6glicht die\u00a0automatische helligkeitsabh\u00e4ngige Steuerung\u00a0von Roll\u00e4den, Jalousien und Markisen: z.B. schlie\u00dfen Ihre Roll\u00e4den im Sommer automatisch, [&hellip;]","og_url":"https:\/\/schneiter-storen.ch\/ersatzteile\/produkt\/sonnensensor-sunis-wirefree-ii-io-batteriebetrieben\/","og_site_name":"Schneiter Storen AG Ersatzteilshop","article_publisher":"https:\/\/www.facebook.com\/Schneiter-Storen-AG-102972985016682","article_modified_time":"2023-03-24T12:45:45+00:00","og_image":[{"width":523,"height":549,"url":"https:\/\/schneiter-storen.ch\/ersatzteile\/wp-content\/uploads\/sunis-wirefree.jpg","type":"image\/jpeg"}],"twitter_card":"summary_large_image","twitter_misc":{"Gesch\u00e4tzte Lesezeit":"3\u00a0Minuten"},"schema":{"@context":"https:\/\/schema.org","@graph":[{"@type":"WebPage","@id":"https:\/\/schneiter-storen.ch\/ersatzteile\/produkt\/sonnensensor-sunis-wirefree-ii-io-batteriebetrieben\/","url":"https:\/\/schneiter-storen.ch\/ersatzteile\/produkt\/sonnensensor-sunis-wirefree-ii-io-batteriebetrieben\/","name":"Sonnensensor Sunis WireFree II io (Batteriebetrieben) - Schneiter Storen AG Ersatzteilshop","isPartOf":{"@id":"https:\/\/schneiter-storen.ch\/ersatzteile\/#website"},"primaryImageOfPage":{"@id":"https:\/\/schneiter-storen.ch\/ersatzteile\/produkt\/sonnensensor-sunis-wirefree-ii-io-batteriebetrieben\/#primaryimage"},"image":{"@id":"https:\/\/schneiter-storen.ch\/ersatzteile\/produkt\/sonnensensor-sunis-wirefree-ii-io-batteriebetrieben\/#primaryimage"},"thumbnailUrl":"https:\/\/schneiter-storen.ch\/ersatzteile\/wp-content\/uploads\/sunis-wirefree.jpg","datePublished":"2023-02-10T15:20:23+00:00","dateModified":"2023-03-24T12:45:45+00:00","breadcrumb":{"@id":"https:\/\/schneiter-storen.ch\/ersatzteile\/produkt\/sonnensensor-sunis-wirefree-ii-io-batteriebetrieben\/#breadcrumb"},"inLanguage":"de","potentialAction":[{"@type":"ReadAction","target":["https:\/\/schneiter-storen.ch\/ersatzteile\/produkt\/sonnensensor-sunis-wirefree-ii-io-batteriebetrieben\/"]}]},{"@type":"ImageObject","inLanguage":"de","@id":"https:\/\/schneiter-storen.ch\/ersatzteile\/produkt\/sonnensensor-sunis-wirefree-ii-io-batteriebetrieben\/#primaryimage","url":"https:\/\/schneiter-storen.ch\/ersatzteile\/wp-content\/uploads\/sunis-wirefree.jpg","contentUrl":"https:\/\/schneiter-storen.ch\/ersatzteile\/wp-content\/uploads\/sunis-wirefree.jpg","width":523,"height":549},{"@type":"BreadcrumbList","@id":"https:\/\/schneiter-storen.ch\/ersatzteile\/produkt\/sonnensensor-sunis-wirefree-ii-io-batteriebetrieben\/#breadcrumb","itemListElement":[{"@type":"ListItem","position":1,"name":"Startseite","item":"https:\/\/schneiter-storen.ch\/ersatzteile\/"},{"@type":"ListItem","position":2,"name":"Shop","item":"https:\/\/schneiter-storen.ch\/ersatzteile\/"},{"@type":"ListItem","position":3,"name":"Sonnensensor Sunis WireFree II io (Batteriebetrieben)"}]},{"@type":"WebSite","@id":"https:\/\/schneiter-storen.ch\/ersatzteile\/#website","url":"https:\/\/schneiter-storen.ch\/ersatzteile\/","name":"Schneiter Storen AG Ersatzteilshop","description":"Sonne ist geil - Schatten ist cool!","publisher":{"@id":"https:\/\/schneiter-storen.ch\/ersatzteile\/#organization"},"potentialAction":[{"@type":"SearchAction","target":{"@type":"EntryPoint","urlTemplate":"https:\/\/schneiter-storen.ch\/ersatzteile\/?s={search_term_string}"},"query-input":{"@type":"PropertyValueSpecification","valueRequired":true,"valueName":"search_term_string"}}],"inLanguage":"de"},{"@type":"Organization","@id":"https:\/\/schneiter-storen.ch\/ersatzteile\/#organization","name":"Schneiter-Storen","url":"https:\/\/schneiter-storen.ch\/ersatzteile\/","logo":{"@type":"ImageObject","inLanguage":"de","@id":"https:\/\/schneiter-storen.ch\/ersatzteile\/#\/schema\/logo\/image\/","url":"https:\/\/schneiter-storen.ch\/ersatzteile\/wp-content\/uploads\/logo.png","contentUrl":"https:\/\/schneiter-storen.ch\/ersatzteile\/wp-content\/uploads\/logo.png","width":500,"height":188,"caption":"Schneiter-Storen"},"image":{"@id":"https:\/\/schneiter-storen.ch\/ersatzteile\/#\/schema\/logo\/image\/"},"sameAs":["https:\/\/www.facebook.com\/Schneiter-Storen-AG-102972985016682","https:\/\/www.linkedin.com\/company\/schneiter-storen\/"]}]}},"_links":{"self":[{"href":"https:\/\/schneiter-storen.ch\/ersatzteile\/wp-json\/wp\/v2\/product\/232482","targetHints":{"allow":["GET"]}}],"collection":[{"href":"https:\/\/schneiter-storen.ch\/ersatzteile\/wp-json\/wp\/v2\/product"}],"about":[{"href":"https:\/\/schneiter-storen.ch\/ersatzteile\/wp-json\/wp\/v2\/types\/product"}],"replies":[{"embeddable":true,"href":"https:\/\/schneiter-storen.ch\/ersatzteile\/wp-json\/wp\/v2\/comments?post=232482"}],"wp:featuredmedia":[{"embeddable":true,"href":"https:\/\/schneiter-storen.ch\/ersatzteile\/wp-json\/wp\/v2\/media\/232553"}],"wp:attachment":[{"href":"https:\/\/schneiter-storen.ch\/ersatzteile\/wp-json\/wp\/v2\/media?parent=232482"}],"wp:term":[{"taxonomy":"product_brand","embeddable":true,"href":"https:\/\/schneiter-storen.ch\/ersatzteile\/wp-json\/wp\/v2\/product_brand?post=232482"},{"taxonomy":"product_cat","embeddable":true,"href":"https:\/\/schneiter-storen.ch\/ersatzteile\/wp-json\/wp\/v2\/product_cat?post=232482"},{"taxonomy":"product_tag","embeddable":true,"href":"https:\/\/schneiter-storen.ch\/ersatzteile\/wp-json\/wp\/v2\/product_tag?post=232482"}],"curies":[{"name":"wp","href":"https:\/\/api.w.org\/{rel}","templated":true}]}}