{"id":232484,"date":"2023-02-10T16:06:51","date_gmt":"2023-02-10T15:06:51","guid":{"rendered":"https:\/\/schneiter-storen.ch\/erstatzteile\/?post_type=product&#038;p=232484"},"modified":"2023-03-24T13:46:31","modified_gmt":"2023-03-24T12:46:31","slug":"wandsender-smoove-origin-io-pure-inkl-somfy-smoove-rahmen-pure","status":"publish","type":"product","link":"https:\/\/schneiter-storen.ch\/ersatzteile\/produkt\/wandsender-smoove-origin-io-pure-inkl-somfy-smoove-rahmen-pure\/","title":{"rendered":"Wandsender Smoove Origin io Pure inkl. Somfy Smoove Rahmen Pure"},"content":{"rendered":"<p align=\"LEFT\">Manuelle Steuerung eines io-Funkantriebs \/ io-Funkempfangers oder mehrerer io-Funkantriebe \/ io-Funkempfanger gleichzeitig per Funk. 1-Kanal-Funkwandsender<\/p>\n<ul>\n<li>\n<div align=\"LEFT\">Passend zu allen g\u00e4ngigen Schalterprogrammen \u00fcber einen 50 x 50 mm Adapterrahmen der Schalterhersteller, sowie Befestigungsplatte f\u00fcr andere Schalterprogramme<\/div>\n<\/li>\n<li>\n<div align=\"LEFT\">Vielzahl an Gestaltungsm\u00f6glichkeiten mit den Somfy Smoove Rahmen<\/div>\n<\/li>\n<li>\n<div align=\"LEFT\">AUF-Taste zum \u00d6ffnen der Jalousien, Einfahren der Markise<\/div>\n<\/li>\n<li>\n<div align=\"LEFT\">\u201emy\u201c-Taste zum Stoppen oder Aufrufen der Lieblingsposition<\/div>\n<\/li>\n<li>\n<div align=\"LEFT\">AB-Taste zum Schlie\u00dfen der Jalousien, Ausfahren der Markise<\/div>\n<\/li>\n<li>\n<div align=\"LEFT\">Programmiertaste auf der R\u00fcckseite des Moduls<\/div>\n<\/li>\n<li>\n<div align=\"LEFT\">Befestigungsplatte f\u00fcr einfache und flexible Wandmontage, keine UP-Dose erforderlich<\/div>\n<\/li>\n<li>\n<div align=\"LEFT\">LED zur Sendeanzeige<\/div>\n<\/li>\n<li>\n<div align=\"LEFT\">Drahtlos und batteriebetrieben, daher geringster Installationsaufwand, mit Batteriezustandsanzeige<\/div>\n<\/li>\n<\/ul>\n<h4><\/h4>\n<h4 class=\"accordion-title\"><span id=\"compatibilite\" class=\"libelle\">Weitere Details<\/span><\/h4>\n<ul id=\"ul-compatibilite\" class=\"subMenu\">\n<li>\n<div align=\"LEFT\">Betriebsspannung: 3 V (Batterie Typ CR 2430)<\/div>\n<\/li>\n<li>\n<div align=\"LEFT\">Betriebstemperatur: 0 \u00b0C bis +60 \u00b0C<\/div>\n<\/li>\n<li>\n<div align=\"LEFT\">Umgebungsbedingungen: trockene Wohnr\u00e4ume<\/div>\n<\/li>\n<li>\n<div align=\"LEFT\">Schutzart: IP 30<\/div>\n<\/li>\n<li>\n<div align=\"LEFT\">Funkfrequenz: 868,95 MHz<\/div>\n<\/li>\n<li>Abmessungen (BxHxT): 50 x 50 x 10 mm<\/li>\n<\/ul>\n","protected":false},"excerpt":{"rendered":"<p>Manuelle Steuerung eines io-Funkantriebs \/ io-Funkempfangers oder mehrerer io-Funkantriebe \/ io-Funkempfanger gleichzeitig per Funk. 1-Kanal-Funkwandsender Passend zu allen g\u00e4ngigen Schalterprogrammen \u00fcber einen 50 x 50 mm Adapterrahmen der Schalterhersteller, sowie Befestigungsplatte f\u00fcr andere Schalterprogramme Vielzahl an Gestaltungsm\u00f6glichkeiten mit den Somfy Smoove Rahmen AUF-Taste zum \u00d6ffnen der Jalousien, Einfahren der Markise \u201emy\u201c-Taste zum Stoppen oder Aufrufen [&hellip;]<\/p>\n","protected":false},"featured_media":232485,"comment_status":"closed","ping_status":"closed","template":"","meta":{"_et_pb_use_builder":"","_et_pb_old_content":"","_et_gb_content_width":""},"product_brand":[],"product_cat":[72],"product_tag":[],"class_list":{"0":"post-232484","1":"product","2":"type-product","3":"status-publish","4":"has-post-thumbnail","6":"product_cat-io-system","7":"product_shipping_class-lieferung-innerhalb-von-4-tagen","9":"first","10":"instock","11":"taxable","12":"shipping-taxable","13":"purchasable","14":"product-type-simple"},"yoast_head":"<!-- This site is optimized with the Yoast SEO plugin v26.7 - https:\/\/yoast.com\/wordpress\/plugins\/seo\/ -->\n<title>Wandsender Smoove Origin io Pure inkl. Somfy Smoove Rahmen Pure - Schneiter Storen AG Ersatzteilshop<\/title>\n<meta name=\"robots\" content=\"index, follow, max-snippet:-1, max-image-preview:large, max-video-preview:-1\" \/>\n<link rel=\"canonical\" href=\"https:\/\/schneiter-storen.ch\/ersatzteile\/produkt\/wandsender-smoove-origin-io-pure-inkl-somfy-smoove-rahmen-pure\/\" \/>\n<meta property=\"og:locale\" content=\"de_DE\" \/>\n<meta property=\"og:type\" content=\"article\" \/>\n<meta property=\"og:title\" content=\"Wandsender Smoove Origin io Pure inkl. Somfy Smoove Rahmen Pure - Schneiter Storen AG Ersatzteilshop\" \/>\n<meta property=\"og:description\" content=\"Manuelle Steuerung eines io-Funkantriebs \/ io-Funkempfangers oder mehrerer io-Funkantriebe \/ io-Funkempfanger gleichzeitig per Funk. 1-Kanal-Funkwandsender Passend zu allen g\u00e4ngigen Schalterprogrammen \u00fcber einen 50 x 50 mm Adapterrahmen der Schalterhersteller, sowie Befestigungsplatte f\u00fcr andere Schalterprogramme Vielzahl an Gestaltungsm\u00f6glichkeiten mit den Somfy Smoove Rahmen AUF-Taste zum \u00d6ffnen der Jalousien, Einfahren der Markise \u201emy\u201c-Taste zum Stoppen oder Aufrufen [&hellip;]\" \/>\n<meta property=\"og:url\" content=\"https:\/\/schneiter-storen.ch\/ersatzteile\/produkt\/wandsender-smoove-origin-io-pure-inkl-somfy-smoove-rahmen-pure\/\" \/>\n<meta property=\"og:site_name\" content=\"Schneiter Storen AG Ersatzteilshop\" \/>\n<meta property=\"article:publisher\" content=\"https:\/\/www.facebook.com\/Schneiter-Storen-AG-102972985016682\" \/>\n<meta property=\"article:modified_time\" content=\"2023-03-24T12:46:31+00:00\" \/>\n<meta property=\"og:image\" content=\"https:\/\/schneiter-storen.ch\/ersatzteile\/wp-content\/uploads\/Smoove-Origin-io-Pure-inkl.-Somfy-Smoove-Rahmen-Pure.jpg\" \/>\n\t<meta property=\"og:image:width\" content=\"1181\" \/>\n\t<meta property=\"og:image:height\" content=\"1181\" \/>\n\t<meta property=\"og:image:type\" content=\"image\/jpeg\" \/>\n<meta name=\"twitter:card\" content=\"summary_large_image\" \/>\n<meta name=\"twitter:label1\" content=\"Gesch\u00e4tzte Lesezeit\" \/>\n\t<meta name=\"twitter:data1\" content=\"1\u00a0Minute\" \/>\n<script type=\"application\/ld+json\" class=\"yoast-schema-graph\">{\"@context\":\"https:\/\/schema.org\",\"@graph\":[{\"@type\":\"WebPage\",\"@id\":\"https:\/\/schneiter-storen.ch\/ersatzteile\/produkt\/wandsender-smoove-origin-io-pure-inkl-somfy-smoove-rahmen-pure\/\",\"url\":\"https:\/\/schneiter-storen.ch\/ersatzteile\/produkt\/wandsender-smoove-origin-io-pure-inkl-somfy-smoove-rahmen-pure\/\",\"name\":\"Wandsender Smoove Origin io Pure inkl. Somfy Smoove Rahmen Pure - Schneiter Storen AG Ersatzteilshop\",\"isPartOf\":{\"@id\":\"https:\/\/schneiter-storen.ch\/ersatzteile\/#website\"},\"primaryImageOfPage\":{\"@id\":\"https:\/\/schneiter-storen.ch\/ersatzteile\/produkt\/wandsender-smoove-origin-io-pure-inkl-somfy-smoove-rahmen-pure\/#primaryimage\"},\"image\":{\"@id\":\"https:\/\/schneiter-storen.ch\/ersatzteile\/produkt\/wandsender-smoove-origin-io-pure-inkl-somfy-smoove-rahmen-pure\/#primaryimage\"},\"thumbnailUrl\":\"https:\/\/schneiter-storen.ch\/ersatzteile\/wp-content\/uploads\/Smoove-Origin-io-Pure-inkl.-Somfy-Smoove-Rahmen-Pure.jpg\",\"datePublished\":\"2023-02-10T15:06:51+00:00\",\"dateModified\":\"2023-03-24T12:46:31+00:00\",\"breadcrumb\":{\"@id\":\"https:\/\/schneiter-storen.ch\/ersatzteile\/produkt\/wandsender-smoove-origin-io-pure-inkl-somfy-smoove-rahmen-pure\/#breadcrumb\"},\"inLanguage\":\"de\",\"potentialAction\":[{\"@type\":\"ReadAction\",\"target\":[\"https:\/\/schneiter-storen.ch\/ersatzteile\/produkt\/wandsender-smoove-origin-io-pure-inkl-somfy-smoove-rahmen-pure\/\"]}]},{\"@type\":\"ImageObject\",\"inLanguage\":\"de\",\"@id\":\"https:\/\/schneiter-storen.ch\/ersatzteile\/produkt\/wandsender-smoove-origin-io-pure-inkl-somfy-smoove-rahmen-pure\/#primaryimage\",\"url\":\"https:\/\/schneiter-storen.ch\/ersatzteile\/wp-content\/uploads\/Smoove-Origin-io-Pure-inkl.-Somfy-Smoove-Rahmen-Pure.jpg\",\"contentUrl\":\"https:\/\/schneiter-storen.ch\/ersatzteile\/wp-content\/uploads\/Smoove-Origin-io-Pure-inkl.-Somfy-Smoove-Rahmen-Pure.jpg\",\"width\":1181,\"height\":1181},{\"@type\":\"BreadcrumbList\",\"@id\":\"https:\/\/schneiter-storen.ch\/ersatzteile\/produkt\/wandsender-smoove-origin-io-pure-inkl-somfy-smoove-rahmen-pure\/#breadcrumb\",\"itemListElement\":[{\"@type\":\"ListItem\",\"position\":1,\"name\":\"Startseite\",\"item\":\"https:\/\/schneiter-storen.ch\/ersatzteile\/\"},{\"@type\":\"ListItem\",\"position\":2,\"name\":\"Shop\",\"item\":\"https:\/\/schneiter-storen.ch\/ersatzteile\/\"},{\"@type\":\"ListItem\",\"position\":3,\"name\":\"Wandsender Smoove Origin io Pure inkl. Somfy Smoove Rahmen Pure\"}]},{\"@type\":\"WebSite\",\"@id\":\"https:\/\/schneiter-storen.ch\/ersatzteile\/#website\",\"url\":\"https:\/\/schneiter-storen.ch\/ersatzteile\/\",\"name\":\"Schneiter Storen AG Ersatzteilshop\",\"description\":\"Sonne ist geil - Schatten ist cool!\",\"publisher\":{\"@id\":\"https:\/\/schneiter-storen.ch\/ersatzteile\/#organization\"},\"potentialAction\":[{\"@type\":\"SearchAction\",\"target\":{\"@type\":\"EntryPoint\",\"urlTemplate\":\"https:\/\/schneiter-storen.ch\/ersatzteile\/?s={search_term_string}\"},\"query-input\":{\"@type\":\"PropertyValueSpecification\",\"valueRequired\":true,\"valueName\":\"search_term_string\"}}],\"inLanguage\":\"de\"},{\"@type\":\"Organization\",\"@id\":\"https:\/\/schneiter-storen.ch\/ersatzteile\/#organization\",\"name\":\"Schneiter-Storen\",\"url\":\"https:\/\/schneiter-storen.ch\/ersatzteile\/\",\"logo\":{\"@type\":\"ImageObject\",\"inLanguage\":\"de\",\"@id\":\"https:\/\/schneiter-storen.ch\/ersatzteile\/#\/schema\/logo\/image\/\",\"url\":\"https:\/\/schneiter-storen.ch\/ersatzteile\/wp-content\/uploads\/logo.png\",\"contentUrl\":\"https:\/\/schneiter-storen.ch\/ersatzteile\/wp-content\/uploads\/logo.png\",\"width\":500,\"height\":188,\"caption\":\"Schneiter-Storen\"},\"image\":{\"@id\":\"https:\/\/schneiter-storen.ch\/ersatzteile\/#\/schema\/logo\/image\/\"},\"sameAs\":[\"https:\/\/www.facebook.com\/Schneiter-Storen-AG-102972985016682\",\"https:\/\/www.linkedin.com\/company\/schneiter-storen\/\"]}]}<\/script>\n<!-- \/ Yoast SEO plugin. -->","yoast_head_json":{"title":"Wandsender Smoove Origin io Pure inkl. Somfy Smoove Rahmen Pure - Schneiter Storen AG Ersatzteilshop","robots":{"index":"index","follow":"follow","max-snippet":"max-snippet:-1","max-image-preview":"max-image-preview:large","max-video-preview":"max-video-preview:-1"},"canonical":"https:\/\/schneiter-storen.ch\/ersatzteile\/produkt\/wandsender-smoove-origin-io-pure-inkl-somfy-smoove-rahmen-pure\/","og_locale":"de_DE","og_type":"article","og_title":"Wandsender Smoove Origin io Pure inkl. Somfy Smoove Rahmen Pure - Schneiter Storen AG Ersatzteilshop","og_description":"Manuelle Steuerung eines io-Funkantriebs \/ io-Funkempfangers oder mehrerer io-Funkantriebe \/ io-Funkempfanger gleichzeitig per Funk. 1-Kanal-Funkwandsender Passend zu allen g\u00e4ngigen Schalterprogrammen \u00fcber einen 50 x 50 mm Adapterrahmen der Schalterhersteller, sowie Befestigungsplatte f\u00fcr andere Schalterprogramme Vielzahl an Gestaltungsm\u00f6glichkeiten mit den Somfy Smoove Rahmen AUF-Taste zum \u00d6ffnen der Jalousien, Einfahren der Markise \u201emy\u201c-Taste zum Stoppen oder Aufrufen [&hellip;]","og_url":"https:\/\/schneiter-storen.ch\/ersatzteile\/produkt\/wandsender-smoove-origin-io-pure-inkl-somfy-smoove-rahmen-pure\/","og_site_name":"Schneiter Storen AG Ersatzteilshop","article_publisher":"https:\/\/www.facebook.com\/Schneiter-Storen-AG-102972985016682","article_modified_time":"2023-03-24T12:46:31+00:00","og_image":[{"width":1181,"height":1181,"url":"https:\/\/schneiter-storen.ch\/ersatzteile\/wp-content\/uploads\/Smoove-Origin-io-Pure-inkl.-Somfy-Smoove-Rahmen-Pure.jpg","type":"image\/jpeg"}],"twitter_card":"summary_large_image","twitter_misc":{"Gesch\u00e4tzte Lesezeit":"1\u00a0Minute"},"schema":{"@context":"https:\/\/schema.org","@graph":[{"@type":"WebPage","@id":"https:\/\/schneiter-storen.ch\/ersatzteile\/produkt\/wandsender-smoove-origin-io-pure-inkl-somfy-smoove-rahmen-pure\/","url":"https:\/\/schneiter-storen.ch\/ersatzteile\/produkt\/wandsender-smoove-origin-io-pure-inkl-somfy-smoove-rahmen-pure\/","name":"Wandsender Smoove Origin io Pure inkl. Somfy Smoove Rahmen Pure - Schneiter Storen AG Ersatzteilshop","isPartOf":{"@id":"https:\/\/schneiter-storen.ch\/ersatzteile\/#website"},"primaryImageOfPage":{"@id":"https:\/\/schneiter-storen.ch\/ersatzteile\/produkt\/wandsender-smoove-origin-io-pure-inkl-somfy-smoove-rahmen-pure\/#primaryimage"},"image":{"@id":"https:\/\/schneiter-storen.ch\/ersatzteile\/produkt\/wandsender-smoove-origin-io-pure-inkl-somfy-smoove-rahmen-pure\/#primaryimage"},"thumbnailUrl":"https:\/\/schneiter-storen.ch\/ersatzteile\/wp-content\/uploads\/Smoove-Origin-io-Pure-inkl.-Somfy-Smoove-Rahmen-Pure.jpg","datePublished":"2023-02-10T15:06:51+00:00","dateModified":"2023-03-24T12:46:31+00:00","breadcrumb":{"@id":"https:\/\/schneiter-storen.ch\/ersatzteile\/produkt\/wandsender-smoove-origin-io-pure-inkl-somfy-smoove-rahmen-pure\/#breadcrumb"},"inLanguage":"de","potentialAction":[{"@type":"ReadAction","target":["https:\/\/schneiter-storen.ch\/ersatzteile\/produkt\/wandsender-smoove-origin-io-pure-inkl-somfy-smoove-rahmen-pure\/"]}]},{"@type":"ImageObject","inLanguage":"de","@id":"https:\/\/schneiter-storen.ch\/ersatzteile\/produkt\/wandsender-smoove-origin-io-pure-inkl-somfy-smoove-rahmen-pure\/#primaryimage","url":"https:\/\/schneiter-storen.ch\/ersatzteile\/wp-content\/uploads\/Smoove-Origin-io-Pure-inkl.-Somfy-Smoove-Rahmen-Pure.jpg","contentUrl":"https:\/\/schneiter-storen.ch\/ersatzteile\/wp-content\/uploads\/Smoove-Origin-io-Pure-inkl.-Somfy-Smoove-Rahmen-Pure.jpg","width":1181,"height":1181},{"@type":"BreadcrumbList","@id":"https:\/\/schneiter-storen.ch\/ersatzteile\/produkt\/wandsender-smoove-origin-io-pure-inkl-somfy-smoove-rahmen-pure\/#breadcrumb","itemListElement":[{"@type":"ListItem","position":1,"name":"Startseite","item":"https:\/\/schneiter-storen.ch\/ersatzteile\/"},{"@type":"ListItem","position":2,"name":"Shop","item":"https:\/\/schneiter-storen.ch\/ersatzteile\/"},{"@type":"ListItem","position":3,"name":"Wandsender Smoove Origin io Pure inkl. Somfy Smoove Rahmen Pure"}]},{"@type":"WebSite","@id":"https:\/\/schneiter-storen.ch\/ersatzteile\/#website","url":"https:\/\/schneiter-storen.ch\/ersatzteile\/","name":"Schneiter Storen AG Ersatzteilshop","description":"Sonne ist geil - Schatten ist cool!","publisher":{"@id":"https:\/\/schneiter-storen.ch\/ersatzteile\/#organization"},"potentialAction":[{"@type":"SearchAction","target":{"@type":"EntryPoint","urlTemplate":"https:\/\/schneiter-storen.ch\/ersatzteile\/?s={search_term_string}"},"query-input":{"@type":"PropertyValueSpecification","valueRequired":true,"valueName":"search_term_string"}}],"inLanguage":"de"},{"@type":"Organization","@id":"https:\/\/schneiter-storen.ch\/ersatzteile\/#organization","name":"Schneiter-Storen","url":"https:\/\/schneiter-storen.ch\/ersatzteile\/","logo":{"@type":"ImageObject","inLanguage":"de","@id":"https:\/\/schneiter-storen.ch\/ersatzteile\/#\/schema\/logo\/image\/","url":"https:\/\/schneiter-storen.ch\/ersatzteile\/wp-content\/uploads\/logo.png","contentUrl":"https:\/\/schneiter-storen.ch\/ersatzteile\/wp-content\/uploads\/logo.png","width":500,"height":188,"caption":"Schneiter-Storen"},"image":{"@id":"https:\/\/schneiter-storen.ch\/ersatzteile\/#\/schema\/logo\/image\/"},"sameAs":["https:\/\/www.facebook.com\/Schneiter-Storen-AG-102972985016682","https:\/\/www.linkedin.com\/company\/schneiter-storen\/"]}]}},"_links":{"self":[{"href":"https:\/\/schneiter-storen.ch\/ersatzteile\/wp-json\/wp\/v2\/product\/232484","targetHints":{"allow":["GET"]}}],"collection":[{"href":"https:\/\/schneiter-storen.ch\/ersatzteile\/wp-json\/wp\/v2\/product"}],"about":[{"href":"https:\/\/schneiter-storen.ch\/ersatzteile\/wp-json\/wp\/v2\/types\/product"}],"replies":[{"embeddable":true,"href":"https:\/\/schneiter-storen.ch\/ersatzteile\/wp-json\/wp\/v2\/comments?post=232484"}],"wp:featuredmedia":[{"embeddable":true,"href":"https:\/\/schneiter-storen.ch\/ersatzteile\/wp-json\/wp\/v2\/media\/232485"}],"wp:attachment":[{"href":"https:\/\/schneiter-storen.ch\/ersatzteile\/wp-json\/wp\/v2\/media?parent=232484"}],"wp:term":[{"taxonomy":"product_brand","embeddable":true,"href":"https:\/\/schneiter-storen.ch\/ersatzteile\/wp-json\/wp\/v2\/product_brand?post=232484"},{"taxonomy":"product_cat","embeddable":true,"href":"https:\/\/schneiter-storen.ch\/ersatzteile\/wp-json\/wp\/v2\/product_cat?post=232484"},{"taxonomy":"product_tag","embeddable":true,"href":"https:\/\/schneiter-storen.ch\/ersatzteile\/wp-json\/wp\/v2\/product_tag?post=232484"}],"curies":[{"name":"wp","href":"https:\/\/api.w.org\/{rel}","templated":true}]}}