{"id":232496,"date":"2023-02-10T16:04:18","date_gmt":"2023-02-10T15:04:18","guid":{"rendered":"https:\/\/schneiter-storen.ch\/erstatzteile\/?post_type=product&#038;p=232496"},"modified":"2023-03-24T13:46:38","modified_gmt":"2023-03-24T12:46:38","slug":"smart-home-steuerung-tahoma-switch","status":"publish","type":"product","link":"https:\/\/schneiter-storen.ch\/ersatzteile\/produkt\/smart-home-steuerung-tahoma-switch\/","title":{"rendered":"Smart Home Steuerung Tahoma Switch"},"content":{"rendered":"<h2>Die Somfy Smart Home-Steuerung der 3. Generation: TaHoma Switch<\/h2>\n<table border=\"0\">\n<tbody>\n<tr>\n<td>&nbsp;<\/p>\n<p>&nbsp;<\/p>\n<p>&nbsp;<\/p>\n<p>&nbsp;<\/p>\n<p>&nbsp;<\/p>\n<p>&nbsp;<\/p>\n<p>&#x2714; Bedienen Sie Ihr vernetztes Zuhause einfach, schnell und\u00a0<strong>von \u00fcberall per App<\/strong>\u00a0(Smartphone\/Tablet)<br \/>\n&#x2714; Das Smart Home System TaHoma Switch\u00a0<strong>VEREINT ALLE WICHTIGEN KOMPONENTEN<\/strong>\u00a0f\u00fcr Sie, wie Roll\u00e4den, Lichtsteuerung, Heizung und Sicherheit und steuert Ihr gesamtes vernetztes Zuhause<br \/>\n&#x2714; Positionieren Sie Ihre neue TaHoma Switch genau dort, wo Sie sie ben\u00f6tigen \u2013 dank der WLAN-Verbindung sind Sie\u00a0<strong>vollkommen flexibel<\/strong><br \/>\n&#x2714;\u00a0<strong>Szenario bequem per Knopfdruck starten<\/strong>, zum Beispiel beim Verlassen des Hauses starten Sie das Szenario &#8222;Gehen&#8220;: Ihre Roll\u00e4den fahren nach unten, das Licht schaltet sich aus und Ihr Alarmsystem wird aktiviert.<\/td>\n<td><img decoding=\"async\" title=\"Somfy TaHoma Switch\" src=\"https:\/\/shop.somfy.de\/media\/wysiwyg\/DE\/Tahoma_Switch_Picto_640x6402.jpg\" alt=\"Somfy TaHoma Switch\" width=\"1200\" \/><\/td>\n<\/tr>\n<\/tbody>\n<\/table>\n<p>&nbsp;<\/p>\n<p>&nbsp;<\/p>\n<h2>Erstellen Sie sich Ihr eigenes individuelles Smart Home<\/h2>\n<table border=\"0\">\n<tbody>\n<tr>\n<td><img decoding=\"async\" title=\"Immer informiert - per Smartphone &amp; Tablet\" src=\"https:\/\/shop.somfy.de\/media\/wysiwyg\/DE\/app-compatible.png\" alt=\"Immer informiert - per Smartphone &amp; Tablet\" width=\"180\" \/><\/td>\n<td>&nbsp;<\/p>\n<p><strong>Immer informiert &#8211; per Smartphone &amp; Tablet<\/strong><br \/>\nHaben Sie immer und \u00fcberall die Kontrolle \u00fcber Ihr smartes Zuhause \u2013 auch von unterwegs! Sie sind im B\u00fcro und nicht sicher, ob Sie das Licht ausgeschaltet haben? Werfen Sie einfach einen Blick auf Ihr Smartphone (<a title=\"Somfy Licht-Empf\u00e4nger io AN \/ AUS\" href=\"https:\/\/www.somfy-onlineshop.ch\/de\/somfy-licht-empfanger-io-an-aus\" target=\"_blank\" rel=\"noopener\">Somfy Licht-Empf\u00e4nger<\/a>\u00a0notwendig)<\/p>\n<p>&nbsp;<\/td>\n<\/tr>\n<tr>\n<td>\u00a0 \u00a0<img decoding=\"async\" title=\"Individuelle Szenarien erh\u00f6hen den Komfort\" src=\"https:\/\/shop.somfy.de\/media\/wysiwyg\/DE\/Validated.png\" alt=\"Individuelle Szenarien erh\u00f6hen den Komfort\" width=\"180\" \/><\/td>\n<td><strong>Individuelle Szenarien nehmen Ihnen l\u00e4stige Alltagsaufgaben ab<\/strong><br \/>\nSobald es anf\u00e4ngt zu d\u00e4mmern, fahren automatisch Ihre Jalousien im Wohnzimmer nach unten. So kann der gem\u00fctliche Fernsehabend oder ein entspanntes Zusammensitzen mit Freunden starten! (<a title=\"Somfy Funk-Empf\u00e4nger\" href=\"https:\/\/www.somfy-onlineshop.ch\/de\/jalousie-markise\/funk-nachrustung\/somfy-funkempfanger-inkl-schalter-smoove-uno-a-m-io-pure-ohne-rahmen\" target=\"_blank\" rel=\"noopener\">Somfy Funkmotor<\/a>\u00a0notwendig)<br \/>\nIn wenigen Schritten legen Sie verschiedene Szenarien und Abl\u00e4ufe in Ihrer TaHoma Switch gem\u00e4\u00df Ihren individuellen Bed\u00fcrfnissen fest<\/td>\n<\/tr>\n<tr>\n<td>\u00a0<img decoding=\"async\" title=\"Intelligente Anwesenheitssimulation\" src=\"https:\/\/shop.somfy.de\/media\/wysiwyg\/DE\/Anwesenheitssimulation.png\" alt=\"Intelligente Anwesenheitssimulation\" width=\"180\" \/><\/td>\n<td>&nbsp;<\/p>\n<p><strong>Eine intelligente Anwesenheitssimulation erm\u00f6glicht mehr Sicherheit<\/strong><br \/>\nIm Urlaub entspannt die Seele baumeln zu lassen, wer liebt das nicht? W\u00e4re da nicht der Gedanke ob zuhause auch alles in Ordnung ist. Wie w\u00e4re es, wenn Ihr Haus stets einen bewohnten Eindruck macht, da die Jalousien regelm\u00e4\u00dfig nach oben\/unten fahren und Ihre\u00a0<a title=\"Somfy smarte Beleuchtung\" href=\"https:\/\/www.somfy-onlineshop.ch\/rund-um-tahoma\/licht\" target=\"_blank\" rel=\"noopener\">Beleuchtung<\/a>\u00a0sich automatisch einschaltet? Mit der TaHoma Switch von Somfy kein Problem \u2013 und der Urlaub l\u00e4sst sich wieder genie\u00dfen!<\/p>\n<p>&nbsp;<\/td>\n<\/tr>\n<tr>\n<td>\u00a0<img decoding=\"async\" title=\"Mehr Komfort dank Sprachsteuerung\" src=\"https:\/\/shop.somfy.de\/media\/wysiwyg\/DE\/Sprachsteuerung-schwarz.png\" alt=\"Mehr Komfort dank Sprachsteuerung\" width=\"180\" \/><\/td>\n<td>&nbsp;<\/p>\n<p><strong>Mehr Komfort dank Sprachsteuerung<\/strong><br \/>\nWer kennt es nicht \u2013 manche Stehlampe l\u00e4sst sich schwer einschalten, da sie hinter dem Sofa steht, manchmal hat man beide H\u00e4nde voll und kann den Rolladenschalter nicht dr\u00fccken \u2013 in diesen Situationen ist ein Sprachassistent die ideale L\u00f6sung. Verkn\u00fcpfen Sie einfach Ihre TaHoma Switch und steuern Sie mit einfachen Sprachbefehlen Ihre Roll\u00e4den, Lampen, Heizung u.v.m. (Sprachassistenz, wie Amazon Alexa oder Google Home wird optional ben\u00f6tigt).<\/p>\n<p>&nbsp;<\/td>\n<\/tr>\n<\/tbody>\n<\/table>\n<div>\n<h4>Die TaHoma ist Ihr erster Schritt hinein in die Smart Home-Welt \u2013 machen Sie direkt weiter mit smarter Beleuchtung, Heizung, Sicherheit u.v.m.:<\/h4>\n<table border=\"0\">\n<tbody>\n<tr>\n<td><a title=\"Automatisierte Steuerung durch Sensorik\" href=\"https:\/\/www.somfy-onlineshop.ch\/de\/rund-um-tahoma\/rund-um-tahoma-sensoren\" target=\"_blank\" rel=\"noopener\"><img decoding=\"async\" title=\"Automatische Steuerung durch Sensorik\" src=\"https:\/\/shop.somfy.de\/media\/wysiwyg\/DE\/Erweiterungen-TaHoma-Switch-Sensorik_1.png\" alt=\"Automatische Steuerung durch Sensorik\" \/><\/a><\/td>\n<td><a title=\"Smarte Lichtsteuerung\" href=\"https:\/\/www.somfy-onlineshop.ch\/de\/rund-um-tahoma\/licht\" target=\"_blank\" rel=\"noopener\"><img decoding=\"async\" title=\"Smarte Lichtsteuerung\" src=\"https:\/\/shop.somfy.de\/media\/wysiwyg\/DE\/Erweiterungen-TaHoma-Switch-Lichtsteuerung_1.png\" alt=\"Smarte Lichtsteuerung\" \/><\/a><\/td>\n<td><a title=\"Energiesparende Heizung\" href=\"https:\/\/www.somfy-onlineshop.ch\/de\/rund-um-tahoma\/heizung\" target=\"_blank\" rel=\"noopener\"><img decoding=\"async\" title=\"Energiesparende Heizung\" src=\"https:\/\/shop.somfy.de\/media\/wysiwyg\/DE\/Erweiterungen-TaHoma-Switch-Heizung_1.png\" alt=\"Energiesparende Heizung\" \/><\/a><\/td>\n<td><a title=\"Somfy Sicherheit &amp; Kameras\" href=\"https:\/\/www.somfy-onlineshop.ch\/de\/sicherheit\" target=\"_blank\" rel=\"noopener\"><img decoding=\"async\" title=\"Somfy Sicherheit &amp; Kameras\" src=\"https:\/\/shop.somfy.de\/media\/wysiwyg\/DE\/Erweiterungen-TaHoma-Switch-Sicherheit_1.png\" alt=\"Somfy Sicherheit &amp; Kameras\" \/><\/a><\/td>\n<\/tr>\n<\/tbody>\n<\/table>\n<p>&nbsp;<\/p>\n<p>&nbsp;<\/p>\n<h2>Weitere Kompatibilit\u00e4ten<\/h2>\n<p><strong>LIEBLINGSMUSIK \u00fcber Sonos-Lautsprecher:\u00a0<\/strong>Lautsprecher in individuelle Szenarien einbinden und morgens in der K\u00fcche bereits mit dem Lieblingssong begr\u00fc\u00dft werden \u2013 gute Laune garantiert!<\/p>\n<p><strong>Web-Anwendung IFTTT (If this then that):<\/strong>\u00a0So stehen Ihnen noch viele weitere Vernetzungsm\u00f6glichkeiten zur Verf\u00fcgung. Informieren Sie sich hier \u00fcber m\u00f6gliche Szenarien mit IFTTT.<\/p>\n<p><strong>DEMO-VERSION ZUM AUSPROBIEREN<\/strong><\/p>\n<p>Sie sind sich noch nicht sicher, ob die Smart Home-App etwas f\u00fcr Sie ist und m\u00f6chten Sie vorab einmal anschauen? Laden Sie die App kostenfrei herunter und nutzen Sie die Demo-Version \u2013 so k\u00f6nnen Sie sich einen optimalen \u00dcberblick verschaffen! Einfach im App Store &#8222;Somfy TaHoma&#8220; eingeben und die vorgeschlagene App kostenfrei downloaden.<\/p>\n<p>&nbsp;<\/p>\n<h2>Weitere Details<\/h2>\n<\/div>\n<table border=\"1\" cellspacing=\"0\" cellpadding=\"0\">\n<tbody>\n<tr>\n<td valign=\"top\" width=\"179\"><strong>Funktionen:<\/strong><\/td>\n<td valign=\"top\" width=\"447\"><strong>Somfy Smart Home Zentrale TaHoma Switch<\/strong><\/td>\n<\/tr>\n<tr>\n<td valign=\"top\" width=\"179\">Funksteuerung<\/td>\n<td valign=\"top\" width=\"447\">io homecontrol, RTS, Zigbee<\/td>\n<\/tr>\n<tr>\n<td valign=\"top\" width=\"179\">Funkfrequenz io<\/td>\n<td valign=\"top\" width=\"447\">868 &#8211; 870 MHz<\/td>\n<\/tr>\n<tr>\n<td valign=\"top\" width=\"179\">Funkfrequenz RTS<\/td>\n<td valign=\"top\" width=\"447\">433,42 MHz<\/td>\n<\/tr>\n<tr>\n<td valign=\"top\" width=\"179\">Funkfrequenz Zigbee 3.0<\/td>\n<td valign=\"top\" width=\"447\">2,4 GHz<\/td>\n<\/tr>\n<tr>\n<td valign=\"top\" width=\"179\">Funkfrequenz WLAN<\/td>\n<td valign=\"top\" width=\"447\">2,4 GHz<\/td>\n<\/tr>\n<tr>\n<td valign=\"top\" width=\"179\">Betriebsspannung<\/td>\n<td valign=\"top\" width=\"447\">5V DC<\/td>\n<\/tr>\n<tr>\n<td valign=\"top\" width=\"179\">Spannungsversorgung<\/td>\n<td valign=\"top\" width=\"447\">110 \/ 230 V AC 50\/60 Hz<\/td>\n<\/tr>\n<tr>\n<td valign=\"top\" width=\"179\">Schutzart<\/td>\n<td valign=\"top\" width=\"447\">IP 20<\/td>\n<\/tr>\n<tr>\n<td valign=\"top\" width=\"179\">Betriebstemperatur<\/td>\n<td valign=\"top\" width=\"447\">0\u00b0 C bis 40\u00b0C<\/td>\n<\/tr>\n<tr>\n<td valign=\"top\" width=\"179\">Abmessungen (BxHxT)<\/td>\n<td valign=\"top\" width=\"447\">162 x 67 x 35 mm<\/td>\n<\/tr>\n<tr>\n<td valign=\"top\" width=\"179\">Anschluss<\/td>\n<td valign=\"top\" width=\"447\">1x Micro USB<\/td>\n<\/tr>\n<tr>\n<td valign=\"top\" width=\"179\">Funkreichweite<\/td>\n<td valign=\"top\" width=\"447\">io Produkte: ca. 20m durch zwei Betonw\u00e4nde<br \/>\nRTS Produkte: ca. 15m durch zwei Betonw\u00e4nde<\/td>\n<\/tr>\n<tr>\n<td valign=\"top\" width=\"179\">Anzahl integrierbarer Produkte<\/td>\n<td valign=\"top\" width=\"447\">\u00a0200 St\u00fcck<\/td>\n<\/tr>\n<\/tbody>\n<\/table>\n<h2><\/h2>\n<h3>Kann ich die TaHoma Switch bei mir zuhause nutzen?<\/h3>\n<p>Wenn Sie Ihre Somfy Produkte bereits per Funk, also z.B. mit einer Fernbedienung steuern, ist der Einsatz von TaHoma Switch direkt m\u00f6glich.<\/p>\n<p>Falls Sie z.B. zum \u00d6ffnen\/Schlie\u00dfen der Roll\u00e4den\u00a0<strong>JEDES MAL AUFSTEHEN<\/strong>\u00a0m\u00fcssen, um einen\u00a0<strong>SCHALTER ZU DR\u00dcCKEN<\/strong>\u00a0(\u00e4hnlich wie ein Lichtschalter) ist zun\u00e4chst eine Funk-Nachr\u00fcstung notwendig.<\/p>\n<p>Nutzen Sie daf\u00fcr unsere Somfy Funk-Empf\u00e4nger Smoove Uno A\/M io, mit denen Sie Ihre verdrahteten Rolladenmotoren kinderleicht auf Funk nachr\u00fcsten.<\/p>\n<p>&nbsp;<\/p>\n<h2>Kompatibilit\u00e4t:<\/h2>\n<p>Die Somfy Smart Home-Steuerung TaHoma Switch ist die Zentrale f\u00fcr Ihr Smart Home System und damit mit allen TaHoma-Zubeh\u00f6rprodukten mit integriertem io- und RTS-Funk kompatibel.<\/p>\n<p>Des Weiteren kann das Funkprotokoll Zigbee 3.0 integriert werden (nicht kompatibel mit RTD)<\/p>\n","protected":false},"excerpt":{"rendered":"<p>Die Somfy Smart Home-Steuerung der 3. Generation: TaHoma Switch &nbsp; &nbsp; &nbsp; &nbsp; &nbsp; &nbsp; &#x2714; Bedienen Sie Ihr vernetztes Zuhause einfach, schnell und\u00a0von \u00fcberall per App\u00a0(Smartphone\/Tablet) &#x2714; Das Smart Home System TaHoma Switch\u00a0VEREINT ALLE WICHTIGEN KOMPONENTEN\u00a0f\u00fcr Sie, wie Roll\u00e4den, Lichtsteuerung, Heizung und Sicherheit und steuert Ihr gesamtes vernetztes Zuhause &#x2714; Positionieren Sie Ihre neue [&hellip;]<\/p>\n","protected":false},"featured_media":232497,"comment_status":"closed","ping_status":"closed","template":"","meta":{"_et_pb_use_builder":"","_et_pb_old_content":"","_et_gb_content_width":""},"product_brand":[],"product_cat":[72],"product_tag":[],"class_list":{"0":"post-232496","1":"product","2":"type-product","3":"status-publish","4":"has-post-thumbnail","6":"product_cat-io-system","7":"product_shipping_class-lieferung-innerhalb-von-4-tagen","9":"first","10":"instock","11":"taxable","12":"shipping-taxable","13":"purchasable","14":"product-type-simple"},"yoast_head":"<!-- This site is optimized with the Yoast SEO plugin v26.7 - https:\/\/yoast.com\/wordpress\/plugins\/seo\/ -->\n<title>Smart Home Steuerung Tahoma Switch - Schneiter Storen AG Ersatzteilshop<\/title>\n<meta name=\"robots\" content=\"index, follow, max-snippet:-1, max-image-preview:large, max-video-preview:-1\" \/>\n<link rel=\"canonical\" href=\"https:\/\/schneiter-storen.ch\/ersatzteile\/produkt\/smart-home-steuerung-tahoma-switch\/\" \/>\n<meta property=\"og:locale\" content=\"de_DE\" \/>\n<meta property=\"og:type\" content=\"article\" \/>\n<meta property=\"og:title\" content=\"Smart Home Steuerung Tahoma Switch - Schneiter Storen AG Ersatzteilshop\" \/>\n<meta property=\"og:description\" content=\"Die Somfy Smart Home-Steuerung der 3. Generation: TaHoma Switch &nbsp; &nbsp; &nbsp; &nbsp; &nbsp; &nbsp; &#x2714; Bedienen Sie Ihr vernetztes Zuhause einfach, schnell und\u00a0von \u00fcberall per App\u00a0(Smartphone\/Tablet) &#x2714; Das Smart Home System TaHoma Switch\u00a0VEREINT ALLE WICHTIGEN KOMPONENTEN\u00a0f\u00fcr Sie, wie Roll\u00e4den, Lichtsteuerung, Heizung und Sicherheit und steuert Ihr gesamtes vernetztes Zuhause &#x2714; Positionieren Sie Ihre neue [&hellip;]\" \/>\n<meta property=\"og:url\" content=\"https:\/\/schneiter-storen.ch\/ersatzteile\/produkt\/smart-home-steuerung-tahoma-switch\/\" \/>\n<meta property=\"og:site_name\" content=\"Schneiter Storen AG Ersatzteilshop\" \/>\n<meta property=\"article:publisher\" content=\"https:\/\/www.facebook.com\/Schneiter-Storen-AG-102972985016682\" \/>\n<meta property=\"article:modified_time\" content=\"2023-03-24T12:46:38+00:00\" \/>\n<meta property=\"og:image\" content=\"https:\/\/schneiter-storen.ch\/ersatzteile\/wp-content\/uploads\/tahoma-switch-side_1.jpg\" \/>\n\t<meta property=\"og:image:width\" content=\"1080\" \/>\n\t<meta property=\"og:image:height\" content=\"1080\" \/>\n\t<meta property=\"og:image:type\" content=\"image\/jpeg\" \/>\n<meta name=\"twitter:card\" content=\"summary_large_image\" \/>\n<meta name=\"twitter:label1\" content=\"Gesch\u00e4tzte Lesezeit\" \/>\n\t<meta name=\"twitter:data1\" content=\"6\u00a0Minuten\" \/>\n<script type=\"application\/ld+json\" class=\"yoast-schema-graph\">{\"@context\":\"https:\/\/schema.org\",\"@graph\":[{\"@type\":\"WebPage\",\"@id\":\"https:\/\/schneiter-storen.ch\/ersatzteile\/produkt\/smart-home-steuerung-tahoma-switch\/\",\"url\":\"https:\/\/schneiter-storen.ch\/ersatzteile\/produkt\/smart-home-steuerung-tahoma-switch\/\",\"name\":\"Smart Home Steuerung Tahoma Switch - Schneiter Storen AG Ersatzteilshop\",\"isPartOf\":{\"@id\":\"https:\/\/schneiter-storen.ch\/ersatzteile\/#website\"},\"primaryImageOfPage\":{\"@id\":\"https:\/\/schneiter-storen.ch\/ersatzteile\/produkt\/smart-home-steuerung-tahoma-switch\/#primaryimage\"},\"image\":{\"@id\":\"https:\/\/schneiter-storen.ch\/ersatzteile\/produkt\/smart-home-steuerung-tahoma-switch\/#primaryimage\"},\"thumbnailUrl\":\"https:\/\/schneiter-storen.ch\/ersatzteile\/wp-content\/uploads\/tahoma-switch-side_1.jpg\",\"datePublished\":\"2023-02-10T15:04:18+00:00\",\"dateModified\":\"2023-03-24T12:46:38+00:00\",\"breadcrumb\":{\"@id\":\"https:\/\/schneiter-storen.ch\/ersatzteile\/produkt\/smart-home-steuerung-tahoma-switch\/#breadcrumb\"},\"inLanguage\":\"de\",\"potentialAction\":[{\"@type\":\"ReadAction\",\"target\":[\"https:\/\/schneiter-storen.ch\/ersatzteile\/produkt\/smart-home-steuerung-tahoma-switch\/\"]}]},{\"@type\":\"ImageObject\",\"inLanguage\":\"de\",\"@id\":\"https:\/\/schneiter-storen.ch\/ersatzteile\/produkt\/smart-home-steuerung-tahoma-switch\/#primaryimage\",\"url\":\"https:\/\/schneiter-storen.ch\/ersatzteile\/wp-content\/uploads\/tahoma-switch-side_1.jpg\",\"contentUrl\":\"https:\/\/schneiter-storen.ch\/ersatzteile\/wp-content\/uploads\/tahoma-switch-side_1.jpg\",\"width\":1080,\"height\":1080},{\"@type\":\"BreadcrumbList\",\"@id\":\"https:\/\/schneiter-storen.ch\/ersatzteile\/produkt\/smart-home-steuerung-tahoma-switch\/#breadcrumb\",\"itemListElement\":[{\"@type\":\"ListItem\",\"position\":1,\"name\":\"Startseite\",\"item\":\"https:\/\/schneiter-storen.ch\/ersatzteile\/\"},{\"@type\":\"ListItem\",\"position\":2,\"name\":\"Shop\",\"item\":\"https:\/\/schneiter-storen.ch\/ersatzteile\/\"},{\"@type\":\"ListItem\",\"position\":3,\"name\":\"Smart Home Steuerung Tahoma Switch\"}]},{\"@type\":\"WebSite\",\"@id\":\"https:\/\/schneiter-storen.ch\/ersatzteile\/#website\",\"url\":\"https:\/\/schneiter-storen.ch\/ersatzteile\/\",\"name\":\"Schneiter Storen AG Ersatzteilshop\",\"description\":\"Sonne ist geil - Schatten ist cool!\",\"publisher\":{\"@id\":\"https:\/\/schneiter-storen.ch\/ersatzteile\/#organization\"},\"potentialAction\":[{\"@type\":\"SearchAction\",\"target\":{\"@type\":\"EntryPoint\",\"urlTemplate\":\"https:\/\/schneiter-storen.ch\/ersatzteile\/?s={search_term_string}\"},\"query-input\":{\"@type\":\"PropertyValueSpecification\",\"valueRequired\":true,\"valueName\":\"search_term_string\"}}],\"inLanguage\":\"de\"},{\"@type\":\"Organization\",\"@id\":\"https:\/\/schneiter-storen.ch\/ersatzteile\/#organization\",\"name\":\"Schneiter-Storen\",\"url\":\"https:\/\/schneiter-storen.ch\/ersatzteile\/\",\"logo\":{\"@type\":\"ImageObject\",\"inLanguage\":\"de\",\"@id\":\"https:\/\/schneiter-storen.ch\/ersatzteile\/#\/schema\/logo\/image\/\",\"url\":\"https:\/\/schneiter-storen.ch\/ersatzteile\/wp-content\/uploads\/logo.png\",\"contentUrl\":\"https:\/\/schneiter-storen.ch\/ersatzteile\/wp-content\/uploads\/logo.png\",\"width\":500,\"height\":188,\"caption\":\"Schneiter-Storen\"},\"image\":{\"@id\":\"https:\/\/schneiter-storen.ch\/ersatzteile\/#\/schema\/logo\/image\/\"},\"sameAs\":[\"https:\/\/www.facebook.com\/Schneiter-Storen-AG-102972985016682\",\"https:\/\/www.linkedin.com\/company\/schneiter-storen\/\"]}]}<\/script>\n<!-- \/ Yoast SEO plugin. -->","yoast_head_json":{"title":"Smart Home Steuerung Tahoma Switch - Schneiter Storen AG Ersatzteilshop","robots":{"index":"index","follow":"follow","max-snippet":"max-snippet:-1","max-image-preview":"max-image-preview:large","max-video-preview":"max-video-preview:-1"},"canonical":"https:\/\/schneiter-storen.ch\/ersatzteile\/produkt\/smart-home-steuerung-tahoma-switch\/","og_locale":"de_DE","og_type":"article","og_title":"Smart Home Steuerung Tahoma Switch - Schneiter Storen AG Ersatzteilshop","og_description":"Die Somfy Smart Home-Steuerung der 3. Generation: TaHoma Switch &nbsp; &nbsp; &nbsp; &nbsp; &nbsp; &nbsp; &#x2714; Bedienen Sie Ihr vernetztes Zuhause einfach, schnell und\u00a0von \u00fcberall per App\u00a0(Smartphone\/Tablet) &#x2714; Das Smart Home System TaHoma Switch\u00a0VEREINT ALLE WICHTIGEN KOMPONENTEN\u00a0f\u00fcr Sie, wie Roll\u00e4den, Lichtsteuerung, Heizung und Sicherheit und steuert Ihr gesamtes vernetztes Zuhause &#x2714; Positionieren Sie Ihre neue [&hellip;]","og_url":"https:\/\/schneiter-storen.ch\/ersatzteile\/produkt\/smart-home-steuerung-tahoma-switch\/","og_site_name":"Schneiter Storen AG Ersatzteilshop","article_publisher":"https:\/\/www.facebook.com\/Schneiter-Storen-AG-102972985016682","article_modified_time":"2023-03-24T12:46:38+00:00","og_image":[{"width":1080,"height":1080,"url":"https:\/\/schneiter-storen.ch\/ersatzteile\/wp-content\/uploads\/tahoma-switch-side_1.jpg","type":"image\/jpeg"}],"twitter_card":"summary_large_image","twitter_misc":{"Gesch\u00e4tzte Lesezeit":"6\u00a0Minuten"},"schema":{"@context":"https:\/\/schema.org","@graph":[{"@type":"WebPage","@id":"https:\/\/schneiter-storen.ch\/ersatzteile\/produkt\/smart-home-steuerung-tahoma-switch\/","url":"https:\/\/schneiter-storen.ch\/ersatzteile\/produkt\/smart-home-steuerung-tahoma-switch\/","name":"Smart Home Steuerung Tahoma Switch - Schneiter Storen AG Ersatzteilshop","isPartOf":{"@id":"https:\/\/schneiter-storen.ch\/ersatzteile\/#website"},"primaryImageOfPage":{"@id":"https:\/\/schneiter-storen.ch\/ersatzteile\/produkt\/smart-home-steuerung-tahoma-switch\/#primaryimage"},"image":{"@id":"https:\/\/schneiter-storen.ch\/ersatzteile\/produkt\/smart-home-steuerung-tahoma-switch\/#primaryimage"},"thumbnailUrl":"https:\/\/schneiter-storen.ch\/ersatzteile\/wp-content\/uploads\/tahoma-switch-side_1.jpg","datePublished":"2023-02-10T15:04:18+00:00","dateModified":"2023-03-24T12:46:38+00:00","breadcrumb":{"@id":"https:\/\/schneiter-storen.ch\/ersatzteile\/produkt\/smart-home-steuerung-tahoma-switch\/#breadcrumb"},"inLanguage":"de","potentialAction":[{"@type":"ReadAction","target":["https:\/\/schneiter-storen.ch\/ersatzteile\/produkt\/smart-home-steuerung-tahoma-switch\/"]}]},{"@type":"ImageObject","inLanguage":"de","@id":"https:\/\/schneiter-storen.ch\/ersatzteile\/produkt\/smart-home-steuerung-tahoma-switch\/#primaryimage","url":"https:\/\/schneiter-storen.ch\/ersatzteile\/wp-content\/uploads\/tahoma-switch-side_1.jpg","contentUrl":"https:\/\/schneiter-storen.ch\/ersatzteile\/wp-content\/uploads\/tahoma-switch-side_1.jpg","width":1080,"height":1080},{"@type":"BreadcrumbList","@id":"https:\/\/schneiter-storen.ch\/ersatzteile\/produkt\/smart-home-steuerung-tahoma-switch\/#breadcrumb","itemListElement":[{"@type":"ListItem","position":1,"name":"Startseite","item":"https:\/\/schneiter-storen.ch\/ersatzteile\/"},{"@type":"ListItem","position":2,"name":"Shop","item":"https:\/\/schneiter-storen.ch\/ersatzteile\/"},{"@type":"ListItem","position":3,"name":"Smart Home Steuerung Tahoma Switch"}]},{"@type":"WebSite","@id":"https:\/\/schneiter-storen.ch\/ersatzteile\/#website","url":"https:\/\/schneiter-storen.ch\/ersatzteile\/","name":"Schneiter Storen AG Ersatzteilshop","description":"Sonne ist geil - Schatten ist cool!","publisher":{"@id":"https:\/\/schneiter-storen.ch\/ersatzteile\/#organization"},"potentialAction":[{"@type":"SearchAction","target":{"@type":"EntryPoint","urlTemplate":"https:\/\/schneiter-storen.ch\/ersatzteile\/?s={search_term_string}"},"query-input":{"@type":"PropertyValueSpecification","valueRequired":true,"valueName":"search_term_string"}}],"inLanguage":"de"},{"@type":"Organization","@id":"https:\/\/schneiter-storen.ch\/ersatzteile\/#organization","name":"Schneiter-Storen","url":"https:\/\/schneiter-storen.ch\/ersatzteile\/","logo":{"@type":"ImageObject","inLanguage":"de","@id":"https:\/\/schneiter-storen.ch\/ersatzteile\/#\/schema\/logo\/image\/","url":"https:\/\/schneiter-storen.ch\/ersatzteile\/wp-content\/uploads\/logo.png","contentUrl":"https:\/\/schneiter-storen.ch\/ersatzteile\/wp-content\/uploads\/logo.png","width":500,"height":188,"caption":"Schneiter-Storen"},"image":{"@id":"https:\/\/schneiter-storen.ch\/ersatzteile\/#\/schema\/logo\/image\/"},"sameAs":["https:\/\/www.facebook.com\/Schneiter-Storen-AG-102972985016682","https:\/\/www.linkedin.com\/company\/schneiter-storen\/"]}]}},"_links":{"self":[{"href":"https:\/\/schneiter-storen.ch\/ersatzteile\/wp-json\/wp\/v2\/product\/232496","targetHints":{"allow":["GET"]}}],"collection":[{"href":"https:\/\/schneiter-storen.ch\/ersatzteile\/wp-json\/wp\/v2\/product"}],"about":[{"href":"https:\/\/schneiter-storen.ch\/ersatzteile\/wp-json\/wp\/v2\/types\/product"}],"replies":[{"embeddable":true,"href":"https:\/\/schneiter-storen.ch\/ersatzteile\/wp-json\/wp\/v2\/comments?post=232496"}],"wp:featuredmedia":[{"embeddable":true,"href":"https:\/\/schneiter-storen.ch\/ersatzteile\/wp-json\/wp\/v2\/media\/232497"}],"wp:attachment":[{"href":"https:\/\/schneiter-storen.ch\/ersatzteile\/wp-json\/wp\/v2\/media?parent=232496"}],"wp:term":[{"taxonomy":"product_brand","embeddable":true,"href":"https:\/\/schneiter-storen.ch\/ersatzteile\/wp-json\/wp\/v2\/product_brand?post=232496"},{"taxonomy":"product_cat","embeddable":true,"href":"https:\/\/schneiter-storen.ch\/ersatzteile\/wp-json\/wp\/v2\/product_cat?post=232496"},{"taxonomy":"product_tag","embeddable":true,"href":"https:\/\/schneiter-storen.ch\/ersatzteile\/wp-json\/wp\/v2\/product_tag?post=232496"}],"curies":[{"name":"wp","href":"https:\/\/api.w.org\/{rel}","templated":true}]}}